{"id":1143,"date":"2024-08-15T21:42:18","date_gmt":"2024-08-15T19:42:18","guid":{"rendered":"https:\/\/cnrs.cz\/sympozium\/?page_id=1143"},"modified":"2024-08-15T21:42:56","modified_gmt":"2024-08-15T19:42:56","slug":"program-2024","status":"publish","type":"page","link":"https:\/\/cnrs.cz\/sympozium\/program-2024\/","title":{"rendered":"Program 2024"},"content":{"rendered":"\n<h1 class=\"wp-block-heading has-text-align-center\">Program sympozia NEUROREHA 2024<\/h1>\n\n\n\n<div style=\"height:68px\" aria-hidden=\"true\" class=\"wp-block-spacer\"><\/div>\n\n\n\n<div class=\"wp-block-columns is-layout-flex wp-container-core-columns-is-layout-9d6595d7 wp-block-columns-is-layout-flex\">\n<div class=\"wp-block-column is-layout-flow wp-block-column-is-layout-flow\" style=\"flex-basis:8%\"><\/div>\n\n\n\n<div class=\"wp-block-column is-layout-flow wp-block-column-is-layout-flow\" style=\"flex-basis:84%\">\n<table id=\"tablepress-6\" class=\"tablepress tablepress-id-6\">\n<tbody class=\"row-hover\">\n<tr class=\"row-1\">\n\t<td class=\"column-1\"><\/td><td class=\"column-2\"><strong><big>\u010ctvrtek 18. 4. 2024<\/big><\/strong><\/td>\n<\/tr>\n<tr class=\"row-2\">\n\t<td class=\"column-1\">11.00 \u2013 11.10<\/td><td class=\"column-2\">SLAVNOSTN\u00cd ZAH\u00c1JEN\u00cd, K\u0158EST KNIHY <small>(M. Gr\u00fcnerov\u00e1 Lippertov\u00e1 et al.: Neurorehabilitace)<\/small><\/td>\n<\/tr>\n<tr class=\"row-3\">\n\t<td class=\"column-1\"><\/td><td class=\"column-2\"><big><strong>OPERATIVN\u00cd INTERVENCE A CASE MANAGEMENT PO TRAUMATU MOZKU<\/strong><\/big><\/td>\n<\/tr>\n<tr class=\"row-4\">\n\t<td class=\"column-1\"><\/td><td class=\"column-2\">Hlavn\u00ed \u0159e\u010dn\u00edk: Prof. MUDr. Martin Smr\u010dka, Ph.D.<\/td>\n<\/tr>\n<tr class=\"row-5\">\n\t<td class=\"column-1\">11.10 \u2013 11:20<\/td><td class=\"column-2\">Role neurochirurga na NINR \u2013 prvn\u00ed zku\u0161enosti<\/td>\n<\/tr>\n<tr class=\"row-6\">\n\t<td class=\"column-1\"><\/td><td class=\"column-2\"><small>prof. MUDr. Martin Smr\u010dka Ph.D., MBA; MUDr. Milan Vidl\u00e1k<\/small><\/td>\n<\/tr>\n<tr class=\"row-7\">\n\t<td class=\"column-1\">11.20\u2013 11.30<\/td><td class=\"column-2\">Trauma mozku z\u00a0pohledu intenzivn\u00ed medic\u00edny<\/td>\n<\/tr>\n<tr class=\"row-8\">\n\t<td class=\"column-1\"><\/td><td class=\"column-2\"><small>MUDr. Bohumil Bakal\u00e1\u0159<\/small><\/td>\n<\/tr>\n<tr class=\"row-9\">\n\t<td class=\"column-1\">11.30 \u2013 11.40<\/td><td class=\"column-2\">M\u011bla by nov\u00e1 data o rehabilita\u010dn\u00edch intervenc\u00edch u kriticky nemocn\u00fdch pacient\u016f zm\u011bnit klinickou praxi? Aktualizovan\u00e1 metaanal\u00fdza randomizovan\u00fdch kontrolovan\u00fdch studi\u00ed: Franti\u0161ek Du\u0161ka<\/td>\n<\/tr>\n<tr class=\"row-10\">\n\t<td class=\"column-1\"><\/td><td class=\"column-2\"><small>MUDr. Kate\u0159ina Jiroutkov\u00e1, MD; Ph.D.; Franti\u0161ek Du\u0161ka, MD, Ph.D.; Petr Waldauf, MD, Ph.D.<\/small><\/td>\n<\/tr>\n<tr class=\"row-11\">\n\t<td class=\"column-1\">11.40 \u2013 11.50<\/td><td class=\"column-2\">F\u00e1zov\u00fd model neurorehabilita\u010dn\u00ed p\u00e9\u010de v\u00a0\u010cR<\/td>\n<\/tr>\n<tr class=\"row-12\">\n\t<td class=\"column-1\"><\/td><td class=\"column-2\"><small>Mgr. Ilona Benkov\u00e1<\/small><\/td>\n<\/tr>\n<tr class=\"row-13\">\n\t<td class=\"column-1\">11.50 \u2013 12.00<\/td><td class=\"column-2\">Prvn\u00ed zku\u0161enosti s l\u016f\u017eky navazuj\u00edc\u00ed intenzivn\u00ed neurorehabilitace v interdisciplin\u00e1rn\u00edm t\u00fdmu<\/td>\n<\/tr>\n<tr class=\"row-14\">\n\t<td class=\"column-1\"><\/td><td class=\"column-2\"><small>Mgr. Michaela Kinkor; MUDr. Jitka Kolombov\u00e1 a kol.<\/small><\/td>\n<\/tr>\n<tr class=\"row-15\">\n\t<td class=\"column-1\">12.00 \u2013 12.10<\/td><td class=\"column-2\">F\u00e1ze B2 a C \u2013 Kranioprogram \u2013 jak to vzniklo<\/td>\n<\/tr>\n<tr class=\"row-16\">\n\t<td class=\"column-1\"><\/td><td class=\"column-2\"><small>Ing. Josef Hendrych<\/small><\/td>\n<\/tr>\n<tr class=\"row-17\">\n\t<td class=\"column-1\">12.10 \u2013 12.20<\/td><td class=\"column-2\"> F\u00e1ze B2 a C \u2013 Kranioprogram, P\u0159edstaven\u00ed konceptu v\u010dasn\u00e9 komplexn\u00ed neurorehabilita\u010dn\u00ed p\u00e9\u010de o pacienty se z\u00edskan\u00fdm po\u0161kozen\u00edm mozku v Rehabilita\u010dn\u00edm \u00fastavu Kladruby<\/td>\n<\/tr>\n<tr class=\"row-18\">\n\t<td class=\"column-1\"><\/td><td class=\"column-2\"><small>MUDr. Iveta Hrubcov\u00e1<\/small><\/td>\n<\/tr>\n<tr class=\"row-19\">\n\t<td class=\"column-1\">12.20 \u2013 12.30<\/td><td class=\"column-2\">F\u00e1ze B2 Kraniprogram \u2013 zku\u0161enosti Rehabilia\u010dn\u00edho \u00fastavu Hrabyn\u011b<\/td>\n<\/tr>\n<tr class=\"row-20\">\n\t<td class=\"column-1\"><\/td><td class=\"column-2\"><small>Mgr. Kate\u0159ina Klime\u0161ov\u00e1<\/small><\/td>\n<\/tr>\n<tr class=\"row-21\">\n\t<td class=\"column-1\">12.30 \u2013 12.40<\/td><td class=\"column-2\">F\u00e1ze C a D N\u00e1sledn\u00e1 l\u016f\u017ekov\u00e1 rehabilita\u010dn\u00ed p\u00e9\u010de Rehabilita\u010dn\u00ed \u00fastav \u2013 L\u00e1zn\u011b B\u011blohrad<\/td>\n<\/tr>\n<tr class=\"row-22\">\n\t<td class=\"column-1\"><\/td><td class=\"column-2\"><small>Mgr. Kate\u0159ina Mach\u00e1\u010dkov\u00e1, Ph.D.<\/small><\/td>\n<\/tr>\n<tr class=\"row-23\">\n\t<td class=\"column-1\">12.40 \u2013 12.50<\/td><td class=\"column-2\">F\u00e1ze D \u2013 Ambulantn\u00ed neurorehabilitace<\/td>\n<\/tr>\n<tr class=\"row-24\">\n\t<td class=\"column-1\"><\/td><td class=\"column-2\"><small>Mgr. Ilona Benkov\u00e1, Bc. Hana Slov\u00e1kov\u00e1, Mgr. Veronika Bulkov\u00e1, Ph.D.<\/small><\/td>\n<\/tr>\n<tr class=\"row-25\">\n\t<td class=\"column-1\">12.50 \u2013 13.00<\/td><td class=\"column-2\">N\u00e1sledn\u00e1 intenzivn\u00ed rehabilitace<\/td>\n<\/tr>\n<tr class=\"row-26\">\n\t<td class=\"column-1\"><\/td><td class=\"column-2\"><small>MUDr. Zden\u011bk Chv\u00e1tal<\/small><\/td>\n<\/tr>\n<tr class=\"row-27\">\n\t<td class=\"column-1\">13.00 \u2013 13.15<\/td><td class=\"column-2\">Kulat\u00fd st\u016fl<\/td>\n<\/tr>\n<tr class=\"row-28\">\n\t<td class=\"column-1\">13.15 \u2013 14.00<\/td><td class=\"column-2\">OB\u011aD<\/td>\n<\/tr>\n<tr class=\"row-29\">\n\t<td class=\"column-1\"><\/td><td class=\"column-2\"><big><strong>VY\u017d\u00c1DAN\u00c9 P\u0158EDN\u00c1\u0160KY<\/strong><\/big><\/td>\n<\/tr>\n<tr class=\"row-30\">\n\t<td class=\"column-1\">14.00 \u2013 14.40<\/td><td class=\"column-2\">Deep TMS in Stroke rehabilitation<\/td>\n<\/tr>\n<tr class=\"row-31\">\n\t<td class=\"column-1\"><\/td><td class=\"column-2\"><small>Gabby Pell<\/u><\/small><\/td>\n<\/tr>\n<tr class=\"row-32\">\n\t<td class=\"column-1\"><\/td><td class=\"column-2\"><small><em>Senior Scientist, BrainsWay, Jerusalem, Israel<\/em><\/small><\/td>\n<\/tr>\n<tr class=\"row-33\">\n\t<td class=\"column-1\">14.40 \u2013 14.50<\/td><td class=\"column-2\">DISKUZE<\/td>\n<\/tr>\n<tr class=\"row-34\">\n\t<td class=\"column-1\">14.50 \u2013 15.50<\/td><td class=\"column-2\">Mild traumatic brain injury \u2013 improving treatment and rehabilitation of persistent symptoms<\/td>\n<\/tr>\n<tr class=\"row-35\">\n\t<td class=\"column-1\"><\/td><td class=\"column-2\"><small>Hana Mal\u00e1 Rytter<\/small><\/td>\n<\/tr>\n<tr class=\"row-36\">\n\t<td class=\"column-1\"><\/td><td class=\"column-2\"><small><em>Associate Professor, Department of Psychology, University of Copenhagen, Denmark<\/em><\/small><\/td>\n<\/tr>\n<tr class=\"row-37\">\n\t<td class=\"column-1\">15.50 \u2013 16.00<\/td><td class=\"column-2\">DISKUZE<\/td>\n<\/tr>\n<tr class=\"row-38\">\n\t<td class=\"column-1\">16.00 \u2013 17.00<\/td><td class=\"column-2\">COFFEE BREAK<\/td>\n<\/tr>\n<tr class=\"row-39\">\n\t<td class=\"column-1\">16.00 \u2013 17.00<\/td><td class=\"column-2\">WORKSHOP: Hlubok\u00e1 transkrani\u00e1lni elektromagnetick\u00e1 stimulace v neurorehabilitaci<\/td>\n<\/tr>\n<tr class=\"row-40\">\n\t<td class=\"column-1\">17.00 \u2013 18.00<\/td><td class=\"column-2\">VALN\u00c1 HROMADA \u010cesk\u00e9 neurorehabilita\u010dn\u00ed spole\u010dnosti<\/td>\n<\/tr>\n<tr class=\"row-41\">\n\t<td class=\"column-1\">19.30<\/td><td class=\"column-2\">SPOLE\u010cENSK\u00dd VE\u010cER<\/td>\n<\/tr>\n<tr class=\"row-42\">\n\t<td class=\"column-1\"><\/td><td class=\"column-2\"><strong><big>P\u00e1tek 19. 4. 2024<\/big><\/strong><\/td>\n<\/tr>\n<tr class=\"row-43\">\n\t<td class=\"column-1\"><\/td><td class=\"column-2\"><big><strong>NEUROPSYCHOLOGICK\u00c9, NEUROPSYCHIATRICK\u00c9 DEFICITY A PORUCHY KOMUNIKACE PO TRAUMATU MOZKU<\/strong><\/big><\/td>\n<\/tr>\n<tr class=\"row-44\">\n\t<td class=\"column-1\"><\/td><td class=\"column-2\">Hlavn\u00ed \u0159e\u010dn\u00edk: PhDr. Petr Nillius, Ph.D.; doc. PaedDr. Karel Neubauer, Ph.D.<\/td>\n<\/tr>\n<tr class=\"row-45\">\n\t<td class=\"column-1\">9.00 \u2013 9.20<\/td><td class=\"column-2\">Neuropsychologick\u00e1 terapie u d\u011bt\u00ed po traumatu mozku<\/td>\n<\/tr>\n<tr class=\"row-46\">\n\t<td class=\"column-1\"><\/td><td class=\"column-2\"><small>PhDr. Petr Nilius, Ph.D.<\/small><\/td>\n<\/tr>\n<tr class=\"row-47\">\n\t<td class=\"column-1\">9.20 \u2013 9.35<\/td><td class=\"column-2\">Zm\u011bny osobnosti n\u00e1sledkem traumatu mozku<\/td>\n<\/tr>\n<tr class=\"row-48\">\n\t<td class=\"column-1\"><\/td><td class=\"column-2\"><small>Prof. MUDr. Marcela Grunerov\u00e1-Lippertov\u00e1, Ph.D.<\/small><\/td>\n<\/tr>\n<tr class=\"row-49\">\n\t<td class=\"column-1\">9.35 \u2013 9.50<\/td><td class=\"column-2\">Vyu\u017eit\u00ed neinvazivn\u00ed neurostimulace v l\u00e9\u010db\u011b poruch v\u011bdom\u00ed po traumatick\u00e9m po\u0161kozen\u00ed mozku<\/td>\n<\/tr>\n<tr class=\"row-50\">\n\t<td class=\"column-1\"><\/td><td class=\"column-2\"><small>Mgr. P\u0159emysl Vl\u010dek, Ph.D.<\/small><\/td>\n<\/tr>\n<tr class=\"row-51\">\n\t<td class=\"column-1\">9.50 \u2013 10.10<\/td><td class=\"column-2\">Motorick\u00e9 \u0159e\u010dov\u00e9 poruchy u osob po poran\u011bn\u00ed mozku \u2013 dysartrie versus \u0159e\u010dov\u00e1 dyspraxie<\/td>\n<\/tr>\n<tr class=\"row-52\">\n\t<td class=\"column-1\"><\/td><td class=\"column-2\"><small>Doc. PaeDr. Karel Neubauer, Ph.D.; PhDr. Lenka Neubauerov\u00e1, Ph.D.<\/small><\/td>\n<\/tr>\n<tr class=\"row-53\">\n\t<td class=\"column-1\">10.10 \u2013 10.25<\/td><td class=\"column-2\">Facilita\u010dn\u011b syst\u00e9mov\u00e1 terapie<\/td>\n<\/tr>\n<tr class=\"row-54\">\n\t<td class=\"column-1\"><\/td><td class=\"column-2\"><small>Mgr. et Mgr. Vilma Mike\u0161ov\u00e1 <\/small><\/td>\n<\/tr>\n<tr class=\"row-55\">\n\t<td class=\"column-1\">10.25 \u2013 10.40<\/td><td class=\"column-2\">Pacientka po autonehod\u011b jako komplexn\u00ed logopedick\u00fd bal\u00ed\u010dek<\/td>\n<\/tr>\n<tr class=\"row-56\">\n\t<td class=\"column-1\"><\/td><td class=\"column-2\"><small>Mgr. \u0160t\u011bp\u00e1nka Nerglov\u00e1<\/small><\/td>\n<\/tr>\n<tr class=\"row-57\">\n\t<td class=\"column-1\">10.40 \u2013 11.00<\/td><td class=\"column-2\">DISKUZE<\/td>\n<\/tr>\n<tr class=\"row-58\">\n\t<td class=\"column-1\">11.00 \u2013 11.30<\/td><td class=\"column-2\">COFFEE BREAK<\/td>\n<\/tr>\n<tr class=\"row-59\">\n\t<td class=\"column-1\"><\/td><td class=\"column-2\"><big><strong>SPASTICITA<\/strong><\/big><\/td>\n<\/tr>\n<tr class=\"row-60\">\n\t<td class=\"column-1\"><\/td><td class=\"column-2\">Hlavn\u00ed \u0159e\u010dn\u00edk: Prof. MUDr. Marcela Grunerov\u00e1-Lippertov\u00e1, Ph.D.<\/td>\n<\/tr>\n<tr class=\"row-61\">\n\t<td class=\"column-1\">11.30 \u2013 11.50<\/td><td class=\"column-2\">Terapie spasticity<\/td>\n<\/tr>\n<tr class=\"row-62\">\n\t<td class=\"column-1\"><\/td><td class=\"column-2\"><small>Prof. MUDr. Marcela Grunerov\u00e1-Lippertov\u00e1, Ph.D.<\/small><\/td>\n<\/tr>\n<tr class=\"row-63\">\n\t<td class=\"column-1\">11.50 \u2013 12.05<\/td><td class=\"column-2\">Je terapie spastick\u00e9 par\u00e9zy dle Graci\u00e9se opravdu jedinou cestou?<\/td>\n<\/tr>\n<tr class=\"row-64\">\n\t<td class=\"column-1\"><\/td><td class=\"column-2\"><small>Mgr. Helena Zimermanov\u00e1; Prof. MUDr. Marcela Grunerov\u00e1-Lippertov\u00e1, Ph.D.<\/small><\/td>\n<\/tr>\n<tr class=\"row-65\">\n\t<td class=\"column-1\">12.05 \u2013 12.20<\/td><td class=\"column-2\">Terapie spastick\u00e9 par\u00e9zy u pacient\u016f po traumatick\u00e9m po\u0161kozen\u00ed mozku z pohledu ergoterapie: klinick\u00e1 praxe a doporu\u010den\u00ed<\/td>\n<\/tr>\n<tr class=\"row-66\">\n\t<td class=\"column-1\"><\/td><td class=\"column-2\"><small>PhDr. Krist\u00fdna Hoidekrov\u00e1, Ph.D.<\/small><\/td>\n<\/tr>\n<tr class=\"row-67\">\n\t<td class=\"column-1\">12.20 \u2013 12.35<\/td><td class=\"column-2\">Rehabilitace spastick\u00e9 par\u00e9zy s vyu\u017eit\u00edm elektroakupunktury \u2013 inovativn\u00ed p\u0159\u00edstup (kazuistika)<\/td>\n<\/tr>\n<tr class=\"row-68\">\n\t<td class=\"column-1\"><\/td><td class=\"column-2\"><small>Doc. MUDr. Petr Kone\u010dn\u00fd, Ph.D., MBA; MUDr. Gabriela Krejstov\u00e1<\/small><\/td>\n<\/tr>\n<tr class=\"row-69\">\n\t<td class=\"column-1\">12.35 \u2013 12.50<\/td><td class=\"column-2\">Elektroakupunktura v l\u00e9\u010db\u011b pacient\u016f s kompletn\u00ed m\u00ed\u0161n\u00ed l\u00e9z\u00ed<\/td>\n<\/tr>\n<tr class=\"row-70\">\n\t<td class=\"column-1\"><\/td><td class=\"column-2\"><small>MUDr. Petr Ol\u0161\u00e1k<\/small><\/td>\n<\/tr>\n<tr class=\"row-71\">\n\t<td class=\"column-1\">12.50 \u2013 13.05<\/td><td class=\"column-2\">R\u00e1zov\u00e1 vlna a spasticita<\/td>\n<\/tr>\n<tr class=\"row-72\">\n\t<td class=\"column-1\"><\/td><td class=\"column-2\"><small>MUDr. Ji\u0159\u00ed Ned\u011blka; MUDr. Tom\u00e1\u0161 Ned\u011blka, Ph.D. <\/small><\/td>\n<\/tr>\n<tr class=\"row-73\">\n\t<td class=\"column-1\">13.05 \u2013 13.20<\/td><td class=\"column-2\">Aplikace elektrick\u00e9 stimulace pomoc\u00ed sp\u0159a\u017een\u00fdch impulz\u016f u pacient\u016f po z\u00edskan\u00e9m onemocn\u011bn\u00ed mozku<\/td>\n<\/tr>\n<tr class=\"row-74\">\n\t<td class=\"column-1\"><\/td><td class=\"column-2\"><small>Mgr. Luk\u00e1\u0161 Chobot<\/small><\/td>\n<\/tr>\n<tr class=\"row-75\">\n\t<td class=\"column-1\">13.20 \u2013 13.30<\/td><td class=\"column-2\">DISKUZE<\/td>\n<\/tr>\n<tr class=\"row-76\">\n\t<td class=\"column-1\">13.30 \u2013 14.00<\/td><td class=\"column-2\">OB\u011aD<\/td>\n<\/tr>\n<tr class=\"row-77\">\n\t<td class=\"column-1\"><\/td><td class=\"column-2\"><big><strong>VARIA<\/strong><\/big><\/td>\n<\/tr>\n<tr class=\"row-78\">\n\t<td class=\"column-1\">14.00 \u2013 14.10<\/td><td class=\"column-2\">Anal\u00fdza programu skupinov\u00e9 hybridn\u00ed telerehabilitace pro seniory v\u00a0soci\u00e1ln\u00edm a zdravotn\u011b-soci\u00e1ln\u00edm za\u0159\u00edzen\u00ed<\/td>\n<\/tr>\n<tr class=\"row-79\">\n\t<td class=\"column-1\"><\/td><td class=\"column-2\"><small>Mgr. Jakub P\u011btiok\u00fd, DiS., MBA<\/small><\/td>\n<\/tr>\n<tr class=\"row-80\">\n\t<td class=\"column-1\">14.10 \u2013 14.20<\/td><td class=\"column-2\">Bringing technology to stair rehabilitation<\/td>\n<\/tr>\n<tr class=\"row-81\">\n\t<td class=\"column-1\"><\/td><td class=\"column-2\"><small>Pablo Cornejo Thumm, PT, Msc. <em>Head of Clinical Research Team, Center for the Study of Movement, Cognition And Mobility (CMCM) Tel Aviv Sourasky Medical Center, Israel.<\/em><\/small><\/td>\n<\/tr>\n<tr class=\"row-82\">\n\t<td class=\"column-1\">14.20 \u2013 14.30<\/td><td class=\"column-2\">P\u0159ehled dostupnosti ergoterapeutick\u00e9 p\u00e9\u010de po ukon\u010den\u00ed \u00fastavn\u00ed hospitalizace u pacient\u016f po z\u00edskan\u00e9m po\u0161kozen\u00ed mozku: pr\u016fb\u011b\u017en\u00e1 data<\/td>\n<\/tr>\n<tr class=\"row-83\">\n\t<td class=\"column-1\"><\/td><td class=\"column-2\"><small>Bc. Barbora Novotn\u00e1; PhDr. Krist\u00fdna Hoidekrov\u00e1, Ph.D.<\/small><\/td>\n<\/tr>\n<tr class=\"row-84\">\n\t<td class=\"column-1\">14.30 \u2013 14.40<\/td><td class=\"column-2\">V\u010dasn\u00e1 l\u00e9\u010dba traumatick\u00e9ho poran\u011bn\u00ed mozku pomoc\u00ed Cerebrolysinu\u00ae<\/td>\n<\/tr>\n<tr class=\"row-85\">\n\t<td class=\"column-1\"><\/td><td class=\"column-2\"><small>Mgr. P\u0159emysl Vl\u010dek, Ph.D.<\/small><\/td>\n<\/tr>\n<tr class=\"row-86\">\n\t<td class=\"column-1\">14.40 \u2013 14.50<\/td><td class=\"column-2\">JIP \u2013 A co d\u00e1l? NIP!<\/td>\n<\/tr>\n<tr class=\"row-87\">\n\t<td class=\"column-1\"><\/td><td class=\"column-2\"><small>Mgr. Kry\u0161tof Mare\u010dek <\/small><\/td>\n<\/tr>\n<tr class=\"row-88\">\n\t<td class=\"column-1\">15.00<\/td><td class=\"column-2\">PROHL\u00cdDKA REHABILITA\u010cN\u00cdHO \u00daSTAVU L\u00c1ZN\u011a B\u011aLOHRAD<\/td>\n<\/tr>\n<\/tbody>\n<\/table>\n<!-- #tablepress-6 from cache --><\/div>\n\n\n\n<div class=\"wp-block-column is-layout-flow wp-block-column-is-layout-flow\" style=\"flex-basis:8%\"><\/div>\n<\/div>\n","protected":false},"excerpt":{"rendered":"<p>Program sympozia NEUROREHA 2024<\/p>\n","protected":false},"author":1,"featured_media":0,"parent":0,"menu_order":0,"comment_status":"closed","ping_status":"closed","template":"templates\/page-fullwidth_template.php","meta":{"_uag_custom_page_level_css":"","footnotes":""},"class_list":["post-1143","page","type-page","status-publish","hentry"],"yoast_head":"<!-- This site is optimized with the Yoast SEO plugin v27.4 - https:\/\/yoast.com\/product\/yoast-seo-wordpress\/ -->\n<title>Program 2024 - NEUROREHA 2024<\/title>\n<meta name=\"robots\" content=\"index, follow, max-snippet:-1, max-image-preview:large, max-video-preview:-1\" \/>\n<link rel=\"canonical\" href=\"https:\/\/cnrs.cz\/sympozium\/program-2024\/\" \/>\n<meta property=\"og:locale\" content=\"cs_CZ\" \/>\n<meta property=\"og:type\" content=\"article\" \/>\n<meta property=\"og:title\" content=\"Program 2024 - NEUROREHA 2024\" \/>\n<meta property=\"og:description\" content=\"Program sympozia NEUROREHA 2024\" \/>\n<meta property=\"og:url\" content=\"https:\/\/cnrs.cz\/sympozium\/program-2024\/\" \/>\n<meta property=\"og:site_name\" content=\"NEUROREHA 2024\" \/>\n<meta property=\"article:modified_time\" content=\"2024-08-15T19:42:56+00:00\" \/>\n<meta name=\"twitter:card\" content=\"summary_large_image\" \/>\n<meta name=\"twitter:label1\" content=\"Odhadovan\u00e1 doba \u010dten\u00ed\" \/>\n\t<meta name=\"twitter:data1\" content=\"1 minuta\" \/>\n<script type=\"application\/ld+json\" class=\"yoast-schema-graph\">{\"@context\":\"https:\\\/\\\/schema.org\",\"@graph\":[{\"@type\":\"WebPage\",\"@id\":\"https:\\\/\\\/cnrs.cz\\\/sympozium\\\/program-2024\\\/\",\"url\":\"https:\\\/\\\/cnrs.cz\\\/sympozium\\\/program-2024\\\/\",\"name\":\"Program 2024 - NEUROREHA 2024\",\"isPartOf\":{\"@id\":\"https:\\\/\\\/cnrs.cz\\\/sympozium\\\/#website\"},\"datePublished\":\"2024-08-15T19:42:18+00:00\",\"dateModified\":\"2024-08-15T19:42:56+00:00\",\"breadcrumb\":{\"@id\":\"https:\\\/\\\/cnrs.cz\\\/sympozium\\\/program-2024\\\/#breadcrumb\"},\"inLanguage\":\"cs\",\"potentialAction\":[{\"@type\":\"ReadAction\",\"target\":[\"https:\\\/\\\/cnrs.cz\\\/sympozium\\\/program-2024\\\/\"]}]},{\"@type\":\"BreadcrumbList\",\"@id\":\"https:\\\/\\\/cnrs.cz\\\/sympozium\\\/program-2024\\\/#breadcrumb\",\"itemListElement\":[{\"@type\":\"ListItem\",\"position\":1,\"name\":\"Dom\u016f\",\"item\":\"https:\\\/\\\/cnrs.cz\\\/sympozium\\\/\"},{\"@type\":\"ListItem\",\"position\":2,\"name\":\"Program 2024\"}]},{\"@type\":\"WebSite\",\"@id\":\"https:\\\/\\\/cnrs.cz\\\/sympozium\\\/#website\",\"url\":\"https:\\\/\\\/cnrs.cz\\\/sympozium\\\/\",\"name\":\"NEUROREHA 2024\",\"description\":\"IX. RO\u010cN\u00cdK NEUROREHABILITA\u010cN\u00cdHO  INTERDISCIPLIN\u00c1RN\u00cdHO SYMPOZIA  S MEZIN\u00c1RODN\u00cd \u00da\u010cAST\u00cd\",\"publisher\":{\"@id\":\"https:\\\/\\\/cnrs.cz\\\/sympozium\\\/#organization\"},\"potentialAction\":[{\"@type\":\"SearchAction\",\"target\":{\"@type\":\"EntryPoint\",\"urlTemplate\":\"https:\\\/\\\/cnrs.cz\\\/sympozium\\\/?s={search_term_string}\"},\"query-input\":{\"@type\":\"PropertyValueSpecification\",\"valueRequired\":true,\"valueName\":\"search_term_string\"}}],\"inLanguage\":\"cs\"},{\"@type\":\"Organization\",\"@id\":\"https:\\\/\\\/cnrs.cz\\\/sympozium\\\/#organization\",\"name\":\"NEUROREHA 2024\",\"url\":\"https:\\\/\\\/cnrs.cz\\\/sympozium\\\/\",\"logo\":{\"@type\":\"ImageObject\",\"inLanguage\":\"cs\",\"@id\":\"https:\\\/\\\/cnrs.cz\\\/sympozium\\\/#\\\/schema\\\/logo\\\/image\\\/\",\"url\":\"https:\\\/\\\/cnrs.cz\\\/sympozium\\\/wp-content\\\/uploads\\\/2023\\\/03\\\/Neuroreha2023-FavIcon.png\",\"contentUrl\":\"https:\\\/\\\/cnrs.cz\\\/sympozium\\\/wp-content\\\/uploads\\\/2023\\\/03\\\/Neuroreha2023-FavIcon.png\",\"width\":512,\"height\":512,\"caption\":\"NEUROREHA 2024\"},\"image\":{\"@id\":\"https:\\\/\\\/cnrs.cz\\\/sympozium\\\/#\\\/schema\\\/logo\\\/image\\\/\"}}]}<\/script>\n<!-- \/ Yoast SEO plugin. -->","yoast_head_json":{"title":"Program 2024 - NEUROREHA 2024","robots":{"index":"index","follow":"follow","max-snippet":"max-snippet:-1","max-image-preview":"max-image-preview:large","max-video-preview":"max-video-preview:-1"},"canonical":"https:\/\/cnrs.cz\/sympozium\/program-2024\/","og_locale":"cs_CZ","og_type":"article","og_title":"Program 2024 - NEUROREHA 2024","og_description":"Program sympozia NEUROREHA 2024","og_url":"https:\/\/cnrs.cz\/sympozium\/program-2024\/","og_site_name":"NEUROREHA 2024","article_modified_time":"2024-08-15T19:42:56+00:00","twitter_card":"summary_large_image","twitter_misc":{"Odhadovan\u00e1 doba \u010dten\u00ed":"1 minuta"},"schema":{"@context":"https:\/\/schema.org","@graph":[{"@type":"WebPage","@id":"https:\/\/cnrs.cz\/sympozium\/program-2024\/","url":"https:\/\/cnrs.cz\/sympozium\/program-2024\/","name":"Program 2024 - NEUROREHA 2024","isPartOf":{"@id":"https:\/\/cnrs.cz\/sympozium\/#website"},"datePublished":"2024-08-15T19:42:18+00:00","dateModified":"2024-08-15T19:42:56+00:00","breadcrumb":{"@id":"https:\/\/cnrs.cz\/sympozium\/program-2024\/#breadcrumb"},"inLanguage":"cs","potentialAction":[{"@type":"ReadAction","target":["https:\/\/cnrs.cz\/sympozium\/program-2024\/"]}]},{"@type":"BreadcrumbList","@id":"https:\/\/cnrs.cz\/sympozium\/program-2024\/#breadcrumb","itemListElement":[{"@type":"ListItem","position":1,"name":"Dom\u016f","item":"https:\/\/cnrs.cz\/sympozium\/"},{"@type":"ListItem","position":2,"name":"Program 2024"}]},{"@type":"WebSite","@id":"https:\/\/cnrs.cz\/sympozium\/#website","url":"https:\/\/cnrs.cz\/sympozium\/","name":"NEUROREHA 2024","description":"IX. RO\u010cN\u00cdK NEUROREHABILITA\u010cN\u00cdHO  INTERDISCIPLIN\u00c1RN\u00cdHO SYMPOZIA  S MEZIN\u00c1RODN\u00cd \u00da\u010cAST\u00cd","publisher":{"@id":"https:\/\/cnrs.cz\/sympozium\/#organization"},"potentialAction":[{"@type":"SearchAction","target":{"@type":"EntryPoint","urlTemplate":"https:\/\/cnrs.cz\/sympozium\/?s={search_term_string}"},"query-input":{"@type":"PropertyValueSpecification","valueRequired":true,"valueName":"search_term_string"}}],"inLanguage":"cs"},{"@type":"Organization","@id":"https:\/\/cnrs.cz\/sympozium\/#organization","name":"NEUROREHA 2024","url":"https:\/\/cnrs.cz\/sympozium\/","logo":{"@type":"ImageObject","inLanguage":"cs","@id":"https:\/\/cnrs.cz\/sympozium\/#\/schema\/logo\/image\/","url":"https:\/\/cnrs.cz\/sympozium\/wp-content\/uploads\/2023\/03\/Neuroreha2023-FavIcon.png","contentUrl":"https:\/\/cnrs.cz\/sympozium\/wp-content\/uploads\/2023\/03\/Neuroreha2023-FavIcon.png","width":512,"height":512,"caption":"NEUROREHA 2024"},"image":{"@id":"https:\/\/cnrs.cz\/sympozium\/#\/schema\/logo\/image\/"}}]}},"featured_image_src":false,"featured_image_src_square":false,"rbea_author_info":{"display_name":"marekmotor","author_link":"https:\/\/cnrs.cz\/sympozium\/author\/marekmotor\/"},"rbea_excerpt_info":"Program sympozia NEUROREHA 2024","uagb_featured_image_src":{"full":false,"thumbnail":false,"medium":false,"medium_large":false,"large":false,"1536x1536":false,"2048x2048":false,"complete_thumb":false,"footerthumb":false},"uagb_author_info":{"display_name":"marekmotor","author_link":"https:\/\/cnrs.cz\/sympozium\/author\/marekmotor\/"},"uagb_comment_info":0,"uagb_excerpt":"Program sympozia NEUROREHA 2024","_links":{"self":[{"href":"https:\/\/cnrs.cz\/sympozium\/wp-json\/wp\/v2\/pages\/1143","targetHints":{"allow":["GET"]}}],"collection":[{"href":"https:\/\/cnrs.cz\/sympozium\/wp-json\/wp\/v2\/pages"}],"about":[{"href":"https:\/\/cnrs.cz\/sympozium\/wp-json\/wp\/v2\/types\/page"}],"author":[{"embeddable":true,"href":"https:\/\/cnrs.cz\/sympozium\/wp-json\/wp\/v2\/users\/1"}],"replies":[{"embeddable":true,"href":"https:\/\/cnrs.cz\/sympozium\/wp-json\/wp\/v2\/comments?post=1143"}],"version-history":[{"count":2,"href":"https:\/\/cnrs.cz\/sympozium\/wp-json\/wp\/v2\/pages\/1143\/revisions"}],"predecessor-version":[{"id":1145,"href":"https:\/\/cnrs.cz\/sympozium\/wp-json\/wp\/v2\/pages\/1143\/revisions\/1145"}],"wp:attachment":[{"href":"https:\/\/cnrs.cz\/sympozium\/wp-json\/wp\/v2\/media?parent=1143"}],"curies":[{"name":"wp","href":"https:\/\/api.w.org\/{rel}","templated":true}]}}