{"id":1148,"date":"2024-08-15T21:54:31","date_gmt":"2024-08-15T19:54:31","guid":{"rendered":"https:\/\/cnrs.cz\/sympozium\/?page_id=1148"},"modified":"2024-08-15T21:59:20","modified_gmt":"2024-08-15T19:59:20","slug":"sbornik-abstrakt-2024","status":"publish","type":"page","link":"https:\/\/cnrs.cz\/sympozium\/sbornik-abstrakt-2024\/","title":{"rendered":"SBORN\u00cdK ABSTRAKT 2024"},"content":{"rendered":"<div class=\"wp-block-image\">\n<figure class=\"aligncenter size-full\"><img loading=\"lazy\" decoding=\"async\" width=\"1018\" height=\"174\" src=\"https:\/\/cnrs.cz\/sympozium\/wp-content\/uploads\/2024\/08\/banner_info2024.png\" alt=\"\" class=\"wp-image-1149\" srcset=\"https:\/\/cnrs.cz\/sympozium\/wp-content\/uploads\/2024\/08\/banner_info2024.png 1018w, https:\/\/cnrs.cz\/sympozium\/wp-content\/uploads\/2024\/08\/banner_info2024-300x51.png 300w, https:\/\/cnrs.cz\/sympozium\/wp-content\/uploads\/2024\/08\/banner_info2024-768x131.png 768w\" sizes=\"auto, (max-width: 1018px) 100vw, 1018px\" \/><\/figure>\n<\/div>\n\n\n<div style=\"height:100px\" aria-hidden=\"true\" class=\"wp-block-spacer\"><\/div>\n\n\n\n<div class=\"wp-block-columns is-layout-flex wp-container-core-columns-is-layout-9d6595d7 wp-block-columns-is-layout-flex\">\n<div class=\"wp-block-column is-layout-flow wp-block-column-is-layout-flow\">\n<div style=\"height:100px\" aria-hidden=\"true\" class=\"wp-block-spacer\"><\/div>\n<\/div>\n\n\n\n<div class=\"wp-block-column is-layout-flow wp-block-column-is-layout-flow\" style=\"flex-basis:447px\">\n<figure class=\"wp-block-image size-full hvr-wobble-vertical\"><a href=\"https:\/\/cnrs.cz\/sympozium\/wp-content\/uploads\/2024\/08\/Neuroreha2024-Sbornik-abstrakt.pdf\" target=\"_blank\" rel=\"noreferrer noopener\"><img loading=\"lazy\" decoding=\"async\" width=\"447\" height=\"57\" src=\"https:\/\/cnrs.cz\/sympozium\/wp-content\/uploads\/2024\/08\/PDF.png\" alt=\"\" class=\"wp-image-1150\" srcset=\"https:\/\/cnrs.cz\/sympozium\/wp-content\/uploads\/2024\/08\/PDF.png 447w, https:\/\/cnrs.cz\/sympozium\/wp-content\/uploads\/2024\/08\/PDF-300x38.png 300w\" sizes=\"auto, (max-width: 447px) 100vw, 447px\" \/><\/a><\/figure>\n<\/div>\n\n\n\n<div class=\"wp-block-column is-layout-flow wp-block-column-is-layout-flow\">\n<div style=\"height:100px\" aria-hidden=\"true\" class=\"wp-block-spacer\"><\/div>\n<\/div>\n<\/div>\n\n\n\n<p><code><div class=\"_df_book df-lite\" id=\"df_1141\"  _slug=\"sbornik-abstrakt-neuroreha-2024\" data-title=\"sbornik-abstrakt-neuroreha-2024\" wpoptions=\"true\" thumbtype=\"\" ><\/div><script class=\"df-shortcode-script\" nowprocket type=\"application\/javascript\">window.option_df_1141 = {\"webgl\":\"true\",\"outline\":[],\"hard\":\"cover\",\"autoEnableOutline\":\"false\",\"autoEnableThumbnail\":\"false\",\"overwritePDFOutline\":\"false\",\"enableDownload\":\"true\",\"direction\":\"1\",\"pageSize\":\"1\",\"pageMode\":\"1\",\"singlePageMode\":\"2\",\"soundEnable\":\"false\",\"source\":\"https:\\\/\\\/cnrs.cz\\\/sympozium\\\/wp-content\\\/uploads\\\/2024\\\/08\\\/Neuroreha2024-Sbornik-abstrakt.pdf\",\"wpOptions\":\"true\"}; if(window.DFLIP && window.DFLIP.parseBooks){window.DFLIP.parseBooks();}<\/script><\/code><\/p>\n","protected":false},"excerpt":{"rendered":"","protected":false},"author":1,"featured_media":0,"parent":0,"menu_order":0,"comment_status":"closed","ping_status":"closed","template":"templates\/page-fullwidth_template.php","meta":{"_uag_custom_page_level_css":"","footnotes":""},"class_list":["post-1148","page","type-page","status-publish","hentry"],"yoast_head":"<!-- This site is optimized with the Yoast SEO plugin v27.4 - https:\/\/yoast.com\/product\/yoast-seo-wordpress\/ -->\n<title>SBORN\u00cdK ABSTRAKT 2024 - NEUROREHA 2024<\/title>\n<meta name=\"robots\" content=\"index, follow, max-snippet:-1, max-image-preview:large, max-video-preview:-1\" \/>\n<link rel=\"canonical\" href=\"https:\/\/cnrs.cz\/sympozium\/sbornik-abstrakt-2024\/\" \/>\n<meta property=\"og:locale\" content=\"cs_CZ\" \/>\n<meta property=\"og:type\" content=\"article\" \/>\n<meta property=\"og:title\" content=\"SBORN\u00cdK ABSTRAKT 2024 - NEUROREHA 2024\" \/>\n<meta property=\"og:url\" content=\"https:\/\/cnrs.cz\/sympozium\/sbornik-abstrakt-2024\/\" \/>\n<meta property=\"og:site_name\" content=\"NEUROREHA 2024\" \/>\n<meta property=\"article:modified_time\" content=\"2024-08-15T19:59:20+00:00\" \/>\n<meta property=\"og:image\" content=\"https:\/\/cnrs.cz\/sympozium\/wp-content\/uploads\/2024\/08\/banner_info2024.png\" \/>\n<meta name=\"twitter:card\" content=\"summary_large_image\" \/>\n<meta name=\"twitter:label1\" content=\"Odhadovan\u00e1 doba \u010dten\u00ed\" \/>\n\t<meta name=\"twitter:data1\" content=\"1 minuta\" \/>\n<script type=\"application\/ld+json\" class=\"yoast-schema-graph\">{\"@context\":\"https:\\\/\\\/schema.org\",\"@graph\":[{\"@type\":\"WebPage\",\"@id\":\"https:\\\/\\\/cnrs.cz\\\/sympozium\\\/sbornik-abstrakt-2024\\\/\",\"url\":\"https:\\\/\\\/cnrs.cz\\\/sympozium\\\/sbornik-abstrakt-2024\\\/\",\"name\":\"SBORN\u00cdK ABSTRAKT 2024 - NEUROREHA 2024\",\"isPartOf\":{\"@id\":\"https:\\\/\\\/cnrs.cz\\\/sympozium\\\/#website\"},\"primaryImageOfPage\":{\"@id\":\"https:\\\/\\\/cnrs.cz\\\/sympozium\\\/sbornik-abstrakt-2024\\\/#primaryimage\"},\"image\":{\"@id\":\"https:\\\/\\\/cnrs.cz\\\/sympozium\\\/sbornik-abstrakt-2024\\\/#primaryimage\"},\"thumbnailUrl\":\"https:\\\/\\\/cnrs.cz\\\/sympozium\\\/wp-content\\\/uploads\\\/2024\\\/08\\\/banner_info2024.png\",\"datePublished\":\"2024-08-15T19:54:31+00:00\",\"dateModified\":\"2024-08-15T19:59:20+00:00\",\"breadcrumb\":{\"@id\":\"https:\\\/\\\/cnrs.cz\\\/sympozium\\\/sbornik-abstrakt-2024\\\/#breadcrumb\"},\"inLanguage\":\"cs\",\"potentialAction\":[{\"@type\":\"ReadAction\",\"target\":[\"https:\\\/\\\/cnrs.cz\\\/sympozium\\\/sbornik-abstrakt-2024\\\/\"]}]},{\"@type\":\"ImageObject\",\"inLanguage\":\"cs\",\"@id\":\"https:\\\/\\\/cnrs.cz\\\/sympozium\\\/sbornik-abstrakt-2024\\\/#primaryimage\",\"url\":\"https:\\\/\\\/cnrs.cz\\\/sympozium\\\/wp-content\\\/uploads\\\/2024\\\/08\\\/banner_info2024.png\",\"contentUrl\":\"https:\\\/\\\/cnrs.cz\\\/sympozium\\\/wp-content\\\/uploads\\\/2024\\\/08\\\/banner_info2024.png\",\"width\":1018,\"height\":174},{\"@type\":\"BreadcrumbList\",\"@id\":\"https:\\\/\\\/cnrs.cz\\\/sympozium\\\/sbornik-abstrakt-2024\\\/#breadcrumb\",\"itemListElement\":[{\"@type\":\"ListItem\",\"position\":1,\"name\":\"Dom\u016f\",\"item\":\"https:\\\/\\\/cnrs.cz\\\/sympozium\\\/\"},{\"@type\":\"ListItem\",\"position\":2,\"name\":\"SBORN\u00cdK ABSTRAKT 2024\"}]},{\"@type\":\"WebSite\",\"@id\":\"https:\\\/\\\/cnrs.cz\\\/sympozium\\\/#website\",\"url\":\"https:\\\/\\\/cnrs.cz\\\/sympozium\\\/\",\"name\":\"NEUROREHA 2024\",\"description\":\"IX. RO\u010cN\u00cdK NEUROREHABILITA\u010cN\u00cdHO  INTERDISCIPLIN\u00c1RN\u00cdHO SYMPOZIA  S MEZIN\u00c1RODN\u00cd \u00da\u010cAST\u00cd\",\"publisher\":{\"@id\":\"https:\\\/\\\/cnrs.cz\\\/sympozium\\\/#organization\"},\"potentialAction\":[{\"@type\":\"SearchAction\",\"target\":{\"@type\":\"EntryPoint\",\"urlTemplate\":\"https:\\\/\\\/cnrs.cz\\\/sympozium\\\/?s={search_term_string}\"},\"query-input\":{\"@type\":\"PropertyValueSpecification\",\"valueRequired\":true,\"valueName\":\"search_term_string\"}}],\"inLanguage\":\"cs\"},{\"@type\":\"Organization\",\"@id\":\"https:\\\/\\\/cnrs.cz\\\/sympozium\\\/#organization\",\"name\":\"NEUROREHA 2024\",\"url\":\"https:\\\/\\\/cnrs.cz\\\/sympozium\\\/\",\"logo\":{\"@type\":\"ImageObject\",\"inLanguage\":\"cs\",\"@id\":\"https:\\\/\\\/cnrs.cz\\\/sympozium\\\/#\\\/schema\\\/logo\\\/image\\\/\",\"url\":\"https:\\\/\\\/cnrs.cz\\\/sympozium\\\/wp-content\\\/uploads\\\/2023\\\/03\\\/Neuroreha2023-FavIcon.png\",\"contentUrl\":\"https:\\\/\\\/cnrs.cz\\\/sympozium\\\/wp-content\\\/uploads\\\/2023\\\/03\\\/Neuroreha2023-FavIcon.png\",\"width\":512,\"height\":512,\"caption\":\"NEUROREHA 2024\"},\"image\":{\"@id\":\"https:\\\/\\\/cnrs.cz\\\/sympozium\\\/#\\\/schema\\\/logo\\\/image\\\/\"}}]}<\/script>\n<!-- \/ Yoast SEO plugin. -->","yoast_head_json":{"title":"SBORN\u00cdK ABSTRAKT 2024 - NEUROREHA 2024","robots":{"index":"index","follow":"follow","max-snippet":"max-snippet:-1","max-image-preview":"max-image-preview:large","max-video-preview":"max-video-preview:-1"},"canonical":"https:\/\/cnrs.cz\/sympozium\/sbornik-abstrakt-2024\/","og_locale":"cs_CZ","og_type":"article","og_title":"SBORN\u00cdK ABSTRAKT 2024 - NEUROREHA 2024","og_url":"https:\/\/cnrs.cz\/sympozium\/sbornik-abstrakt-2024\/","og_site_name":"NEUROREHA 2024","article_modified_time":"2024-08-15T19:59:20+00:00","og_image":[{"url":"https:\/\/cnrs.cz\/sympozium\/wp-content\/uploads\/2024\/08\/banner_info2024.png","type":"","width":"","height":""}],"twitter_card":"summary_large_image","twitter_misc":{"Odhadovan\u00e1 doba \u010dten\u00ed":"1 minuta"},"schema":{"@context":"https:\/\/schema.org","@graph":[{"@type":"WebPage","@id":"https:\/\/cnrs.cz\/sympozium\/sbornik-abstrakt-2024\/","url":"https:\/\/cnrs.cz\/sympozium\/sbornik-abstrakt-2024\/","name":"SBORN\u00cdK ABSTRAKT 2024 - NEUROREHA 2024","isPartOf":{"@id":"https:\/\/cnrs.cz\/sympozium\/#website"},"primaryImageOfPage":{"@id":"https:\/\/cnrs.cz\/sympozium\/sbornik-abstrakt-2024\/#primaryimage"},"image":{"@id":"https:\/\/cnrs.cz\/sympozium\/sbornik-abstrakt-2024\/#primaryimage"},"thumbnailUrl":"https:\/\/cnrs.cz\/sympozium\/wp-content\/uploads\/2024\/08\/banner_info2024.png","datePublished":"2024-08-15T19:54:31+00:00","dateModified":"2024-08-15T19:59:20+00:00","breadcrumb":{"@id":"https:\/\/cnrs.cz\/sympozium\/sbornik-abstrakt-2024\/#breadcrumb"},"inLanguage":"cs","potentialAction":[{"@type":"ReadAction","target":["https:\/\/cnrs.cz\/sympozium\/sbornik-abstrakt-2024\/"]}]},{"@type":"ImageObject","inLanguage":"cs","@id":"https:\/\/cnrs.cz\/sympozium\/sbornik-abstrakt-2024\/#primaryimage","url":"https:\/\/cnrs.cz\/sympozium\/wp-content\/uploads\/2024\/08\/banner_info2024.png","contentUrl":"https:\/\/cnrs.cz\/sympozium\/wp-content\/uploads\/2024\/08\/banner_info2024.png","width":1018,"height":174},{"@type":"BreadcrumbList","@id":"https:\/\/cnrs.cz\/sympozium\/sbornik-abstrakt-2024\/#breadcrumb","itemListElement":[{"@type":"ListItem","position":1,"name":"Dom\u016f","item":"https:\/\/cnrs.cz\/sympozium\/"},{"@type":"ListItem","position":2,"name":"SBORN\u00cdK ABSTRAKT 2024"}]},{"@type":"WebSite","@id":"https:\/\/cnrs.cz\/sympozium\/#website","url":"https:\/\/cnrs.cz\/sympozium\/","name":"NEUROREHA 2024","description":"IX. RO\u010cN\u00cdK NEUROREHABILITA\u010cN\u00cdHO  INTERDISCIPLIN\u00c1RN\u00cdHO SYMPOZIA  S MEZIN\u00c1RODN\u00cd \u00da\u010cAST\u00cd","publisher":{"@id":"https:\/\/cnrs.cz\/sympozium\/#organization"},"potentialAction":[{"@type":"SearchAction","target":{"@type":"EntryPoint","urlTemplate":"https:\/\/cnrs.cz\/sympozium\/?s={search_term_string}"},"query-input":{"@type":"PropertyValueSpecification","valueRequired":true,"valueName":"search_term_string"}}],"inLanguage":"cs"},{"@type":"Organization","@id":"https:\/\/cnrs.cz\/sympozium\/#organization","name":"NEUROREHA 2024","url":"https:\/\/cnrs.cz\/sympozium\/","logo":{"@type":"ImageObject","inLanguage":"cs","@id":"https:\/\/cnrs.cz\/sympozium\/#\/schema\/logo\/image\/","url":"https:\/\/cnrs.cz\/sympozium\/wp-content\/uploads\/2023\/03\/Neuroreha2023-FavIcon.png","contentUrl":"https:\/\/cnrs.cz\/sympozium\/wp-content\/uploads\/2023\/03\/Neuroreha2023-FavIcon.png","width":512,"height":512,"caption":"NEUROREHA 2024"},"image":{"@id":"https:\/\/cnrs.cz\/sympozium\/#\/schema\/logo\/image\/"}}]}},"featured_image_src":false,"featured_image_src_square":false,"rbea_author_info":{"display_name":"marekmotor","author_link":"https:\/\/cnrs.cz\/sympozium\/author\/marekmotor\/"},"rbea_excerpt_info":null,"uagb_featured_image_src":{"full":false,"thumbnail":false,"medium":false,"medium_large":false,"large":false,"1536x1536":false,"2048x2048":false,"complete_thumb":false,"footerthumb":false},"uagb_author_info":{"display_name":"marekmotor","author_link":"https:\/\/cnrs.cz\/sympozium\/author\/marekmotor\/"},"uagb_comment_info":0,"uagb_excerpt":null,"_links":{"self":[{"href":"https:\/\/cnrs.cz\/sympozium\/wp-json\/wp\/v2\/pages\/1148","targetHints":{"allow":["GET"]}}],"collection":[{"href":"https:\/\/cnrs.cz\/sympozium\/wp-json\/wp\/v2\/pages"}],"about":[{"href":"https:\/\/cnrs.cz\/sympozium\/wp-json\/wp\/v2\/types\/page"}],"author":[{"embeddable":true,"href":"https:\/\/cnrs.cz\/sympozium\/wp-json\/wp\/v2\/users\/1"}],"replies":[{"embeddable":true,"href":"https:\/\/cnrs.cz\/sympozium\/wp-json\/wp\/v2\/comments?post=1148"}],"version-history":[{"count":4,"href":"https:\/\/cnrs.cz\/sympozium\/wp-json\/wp\/v2\/pages\/1148\/revisions"}],"predecessor-version":[{"id":1155,"href":"https:\/\/cnrs.cz\/sympozium\/wp-json\/wp\/v2\/pages\/1148\/revisions\/1155"}],"wp:attachment":[{"href":"https:\/\/cnrs.cz\/sympozium\/wp-json\/wp\/v2\/media?parent=1148"}],"curies":[{"name":"wp","href":"https:\/\/api.w.org\/{rel}","templated":true}]}}