{"id":385,"date":"2023-04-04T00:24:36","date_gmt":"2023-04-03T22:24:36","guid":{"rendered":"https:\/\/cnrs.cz\/sympozium\/?page_id=385"},"modified":"2025-02-13T10:34:20","modified_gmt":"2025-02-13T09:34:20","slug":"ubytovani","status":"publish","type":"page","link":"https:\/\/cnrs.cz\/sympozium\/ubytovani\/","title":{"rendered":"Ubytov\u00e1n\u00ed"},"content":{"rendered":"\n<h2 class=\"wp-block-heading has-text-align-center\">Zv\u00fdhodn\u011bn\u00e1 cena ubytov\u00e1n\u00ed pro \u00fa\u010dastn\u00edky sympozia NEUROREHA 2025<\/h2>\n\n\n\n<div style=\"height:27px\" aria-hidden=\"true\" class=\"wp-block-spacer\"><\/div>\n\n\n\n<p class=\"has-text-align-center\">B\u011bhem Sympozia se lze ubytovat ve Spa Resortu Tree of Life za zv\u00fdhodn\u011bnou cenu.<\/p>\n\n\n\n<div class=\"wp-block-columns is-layout-flex wp-container-core-columns-is-layout-9d6595d7 wp-block-columns-is-layout-flex\">\n<div class=\"wp-block-column is-layout-flow wp-block-column-is-layout-flow\" style=\"flex-basis:15%\"><\/div>\n\n\n\n<div class=\"wp-block-column is-layout-flow wp-block-column-is-layout-flow\" style=\"flex-basis:35%\">\n<figure class=\"wp-block-image size-full hvr-grow\"><img loading=\"lazy\" decoding=\"async\" width=\"480\" height=\"492\" src=\"https:\/\/cnrs.cz\/sympozium\/wp-content\/uploads\/2025\/01\/dvojluzko1850.png\" alt=\"\" class=\"wp-image-1250\" srcset=\"https:\/\/cnrs.cz\/sympozium\/wp-content\/uploads\/2025\/01\/dvojluzko1850.png 480w, https:\/\/cnrs.cz\/sympozium\/wp-content\/uploads\/2025\/01\/dvojluzko1850-293x300.png 293w\" sizes=\"auto, (max-width: 480px) 100vw, 480px\" \/><\/figure>\n<\/div>\n\n\n\n<div class=\"wp-block-column is-layout-flow wp-block-column-is-layout-flow\" style=\"flex-basis:35%\">\n<figure class=\"wp-block-image size-full hvr-grow\"><img loading=\"lazy\" decoding=\"async\" width=\"480\" height=\"492\" src=\"https:\/\/cnrs.cz\/sympozium\/wp-content\/uploads\/2025\/01\/jednoluzko2700.png\" alt=\"\" class=\"wp-image-1251\" srcset=\"https:\/\/cnrs.cz\/sympozium\/wp-content\/uploads\/2025\/01\/jednoluzko2700.png 480w, https:\/\/cnrs.cz\/sympozium\/wp-content\/uploads\/2025\/01\/jednoluzko2700-293x300.png 293w\" sizes=\"auto, (max-width: 480px) 100vw, 480px\" \/><\/figure>\n<\/div>\n\n\n\n<div class=\"wp-block-column is-layout-flow wp-block-column-is-layout-flow\" style=\"flex-basis:15%\"><\/div>\n<\/div>\n\n\n\n<div style=\"height:73px\" aria-hidden=\"true\" class=\"wp-block-spacer\"><\/div>\n\n\n\n<h3 class=\"wp-block-heading has-text-align-center\">V cen\u011b ubytov\u00e1n\u00ed zahrnuto:<\/h3>\n\n\n\n<div style=\"height:48px\" aria-hidden=\"true\" class=\"wp-block-spacer\"><\/div>\n\n\n\n<div class=\"wp-block-columns is-layout-flex wp-container-core-columns-is-layout-9d6595d7 wp-block-columns-is-layout-flex\">\n<div class=\"wp-block-column is-layout-flow wp-block-column-is-layout-flow\" style=\"flex-basis:15%\">\n<div style=\"height:100px\" aria-hidden=\"true\" class=\"wp-block-spacer\"><\/div>\n<\/div>\n\n\n\n<div class=\"wp-block-column is-vertically-aligned-center is-layout-flow wp-block-column-is-layout-flow\" style=\"flex-basis:12%\">\n<figure class=\"wp-block-image size-full hvr-grow\" id=\"hvr-grow\"><img loading=\"lazy\" decoding=\"async\" width=\"250\" height=\"245\" src=\"https:\/\/cnrs.cz\/sympozium\/wp-content\/uploads\/2025\/01\/bazen.png\" alt=\"\" class=\"wp-image-1252\"\/><\/figure>\n<\/div>\n\n\n\n<div class=\"wp-block-column is-vertically-aligned-center is-layout-flow wp-block-column-is-layout-flow\" style=\"flex-basis:23%\">\n<p>Voln\u00fd vstup do hotelov\u00e9ho baz\u00e9nu<\/p>\n<\/div>\n\n\n\n<div class=\"wp-block-column is-vertically-aligned-center is-layout-flow wp-block-column-is-layout-flow\" style=\"flex-basis:12%\">\n<figure class=\"wp-block-image size-full hvr-grow\"><img loading=\"lazy\" decoding=\"async\" width=\"250\" height=\"245\" src=\"https:\/\/cnrs.cz\/sympozium\/wp-content\/uploads\/2025\/01\/sauna.png\" alt=\"\" class=\"wp-image-1253\"\/><\/figure>\n<\/div>\n\n\n\n<div class=\"wp-block-column is-vertically-aligned-center is-layout-flow wp-block-column-is-layout-flow\" style=\"flex-basis:23%\">\n<p class=\"has-text-align-left\">Voln\u00fd vstup do Organic &amp; Garden Spa (sauna, san\u00e1rium, Kneipp\u016fv chodn\u00edk, parn\u00ed kabina, venkovn\u00ed v\u00ed\u0159ivka)<\/p>\n<\/div>\n\n\n\n<div class=\"wp-block-column is-layout-flow wp-block-column-is-layout-flow\" style=\"flex-basis:15%\">\n<div style=\"height:100px\" aria-hidden=\"true\" class=\"wp-block-spacer\"><\/div>\n<\/div>\n<\/div>\n\n\n\n<div class=\"wp-block-columns is-layout-flex wp-container-core-columns-is-layout-9d6595d7 wp-block-columns-is-layout-flex\">\n<div class=\"wp-block-column is-layout-flow wp-block-column-is-layout-flow\" style=\"flex-basis:15%\">\n<div style=\"height:100px\" aria-hidden=\"true\" class=\"wp-block-spacer\"><\/div>\n<\/div>\n\n\n\n<div class=\"wp-block-column is-vertically-aligned-center is-layout-flow wp-block-column-is-layout-flow\" style=\"flex-basis:12%\">\n<figure class=\"wp-block-image size-full hvr-grow\" id=\"hvr-grow\"><img loading=\"lazy\" decoding=\"async\" width=\"250\" height=\"245\" src=\"https:\/\/cnrs.cz\/sympozium\/wp-content\/uploads\/2025\/01\/fitnes.png\" alt=\"\" class=\"wp-image-1254\"\/><\/figure>\n<\/div>\n\n\n\n<div class=\"wp-block-column is-vertically-aligned-center is-layout-flow wp-block-column-is-layout-flow\" style=\"flex-basis:23%\">\n<p>Voln\u00fd vstup do Fitness Laboratory<\/p>\n<\/div>\n\n\n\n<div class=\"wp-block-column is-vertically-aligned-center is-layout-flow wp-block-column-is-layout-flow\" style=\"flex-basis:12%\">\n<figure class=\"wp-block-image size-full hvr-grow\"><img loading=\"lazy\" decoding=\"async\" width=\"250\" height=\"245\" src=\"https:\/\/cnrs.cz\/sympozium\/wp-content\/uploads\/2025\/01\/wifi.png\" alt=\"\" class=\"wp-image-1255\"\/><\/figure>\n<\/div>\n\n\n\n<div class=\"wp-block-column is-vertically-aligned-center is-layout-flow wp-block-column-is-layout-flow\" style=\"flex-basis:23%\">\n<p class=\"has-text-align-left\">Vysokorychlostn\u00ed internet po cel\u00e9m hotelu v\u010detn\u011b va\u0161eho pokoje<\/p>\n<\/div>\n\n\n\n<div class=\"wp-block-column is-layout-flow wp-block-column-is-layout-flow\" style=\"flex-basis:15%\">\n<div style=\"height:100px\" aria-hidden=\"true\" class=\"wp-block-spacer\"><\/div>\n<\/div>\n<\/div>\n\n\n\n<div class=\"wp-block-columns is-layout-flex wp-container-core-columns-is-layout-9d6595d7 wp-block-columns-is-layout-flex\">\n<div class=\"wp-block-column is-layout-flow wp-block-column-is-layout-flow\" style=\"flex-basis:15%\">\n<div style=\"height:100px\" aria-hidden=\"true\" class=\"wp-block-spacer\"><\/div>\n<\/div>\n\n\n\n<div class=\"wp-block-column is-vertically-aligned-center is-layout-flow wp-block-column-is-layout-flow\" style=\"flex-basis:12%\">\n<figure class=\"wp-block-image size-full hvr-grow\" id=\"hvr-grow\"><img loading=\"lazy\" decoding=\"async\" width=\"250\" height=\"245\" src=\"https:\/\/cnrs.cz\/sympozium\/wp-content\/uploads\/2025\/01\/parking.png\" alt=\"\" class=\"wp-image-1256\"\/><\/figure>\n<\/div>\n\n\n\n<div class=\"wp-block-column is-vertically-aligned-center is-layout-flow wp-block-column-is-layout-flow\" style=\"flex-basis:23%\">\n<p>Parkovac\u00ed m\u00edsto pro jeden automobil<\/p>\n<\/div>\n\n\n\n<div class=\"wp-block-column is-vertically-aligned-center is-layout-flow wp-block-column-is-layout-flow\" style=\"flex-basis:12%\">\n<figure class=\"wp-block-image size-full hvr-grow\"><img loading=\"lazy\" decoding=\"async\" width=\"250\" height=\"245\" src=\"https:\/\/cnrs.cz\/sympozium\/wp-content\/uploads\/2025\/01\/zupan.png\" alt=\"\" class=\"wp-image-1257\"\/><\/figure>\n<\/div>\n\n\n\n<div class=\"wp-block-column is-vertically-aligned-center is-layout-flow wp-block-column-is-layout-flow\" style=\"flex-basis:23%\">\n<p class=\"has-text-align-left\">\u017dupany a p\u0159ez\u016fvky jsou k&nbsp;dispozici po celou dobu pobytu<\/p>\n<\/div>\n\n\n\n<div class=\"wp-block-column is-layout-flow wp-block-column-is-layout-flow\" style=\"flex-basis:15%\">\n<div style=\"height:100px\" aria-hidden=\"true\" class=\"wp-block-spacer\"><\/div>\n<\/div>\n<\/div>\n\n\n\n<div style=\"height:48px\" aria-hidden=\"true\" class=\"wp-block-spacer\"><\/div>\n\n\n\n<h2 class=\"wp-block-heading has-text-align-center\">Rezervace ubytov\u00e1n\u00ed prov\u00e1d\u011bjte do 31. b\u0159ezna 2025<\/h2>\n\n\n\n<div style=\"height:35px\" aria-hidden=\"true\" class=\"wp-block-spacer\"><\/div>\n\n\n\n<p class=\"has-text-align-center\">Ubytov\u00e1n\u00ed lze zarezervovat u Kate\u0159iny Kub\u00e1nkov\u00e9, e-mail <a href=\"mailto:katerina.kubankova@belohrad.cz\">katerina.kubankova@belohrad.cz<\/a>, tel. 720 834 862<br>Procedury lze zakoupit a zarezervovat na tel. 493 767 180 nebo e-mailu <a href=\"mailto:wellness@treeoflife.cz\">wellness@treeoflife.cz<\/a><\/p>\n\n\n\n<p><\/p>\n\n\n\n<p><br><\/p>\n","protected":false},"excerpt":{"rendered":"<p>Zv\u00fdhodn\u011bn\u00e1 cena ubytov\u00e1n\u00ed pro \u00fa\u010dastn\u00edky sympozia NEUROREHA 2025 B\u011bhem Sympozia se lze ubytovat ve Spa Resortu Tree of Life za zv\u00fdhodn\u011bnou cenu. V cen\u011b ubytov\u00e1n\u00ed zahrnuto: Voln\u00fd vstup do hotelov\u00e9ho baz\u00e9nu Voln\u00fd vstup do Organic &amp; Garden Spa (sauna, san\u00e1rium, Kneipp\u016fv chodn\u00edk, parn\u00ed kabina, venkovn\u00ed v\u00ed\u0159ivka) Voln\u00fd vstup do Fitness Laboratory Vysokorychlostn\u00ed internet po cel\u00e9m<br \/><a class=\"moretag\" href=\"https:\/\/cnrs.cz\/sympozium\/ubytovani\/\">+ Read More<\/a><\/p>\n","protected":false},"author":1,"featured_media":0,"parent":0,"menu_order":0,"comment_status":"closed","ping_status":"closed","template":"templates\/page-fullwidth_template.php","meta":{"_uag_custom_page_level_css":"","footnotes":""},"class_list":["post-385","page","type-page","status-publish","hentry"],"yoast_head":"<!-- This site is optimized with the Yoast SEO plugin v27.4 - https:\/\/yoast.com\/product\/yoast-seo-wordpress\/ -->\n<title>Ubytov\u00e1n\u00ed - NEUROREHA 2024<\/title>\n<meta name=\"robots\" content=\"index, follow, max-snippet:-1, max-image-preview:large, max-video-preview:-1\" \/>\n<link rel=\"canonical\" href=\"https:\/\/cnrs.cz\/sympozium\/ubytovani\/\" \/>\n<meta property=\"og:locale\" content=\"cs_CZ\" \/>\n<meta property=\"og:type\" content=\"article\" \/>\n<meta property=\"og:title\" content=\"Ubytov\u00e1n\u00ed - NEUROREHA 2024\" \/>\n<meta property=\"og:description\" content=\"Zv\u00fdhodn\u011bn\u00e1 cena ubytov\u00e1n\u00ed pro \u00fa\u010dastn\u00edky sympozia NEUROREHA 2025 B\u011bhem Sympozia se lze ubytovat ve Spa Resortu Tree of Life za zv\u00fdhodn\u011bnou cenu. V cen\u011b ubytov\u00e1n\u00ed zahrnuto: Voln\u00fd vstup do hotelov\u00e9ho baz\u00e9nu Voln\u00fd vstup do Organic &amp; Garden Spa (sauna, san\u00e1rium, Kneipp\u016fv chodn\u00edk, parn\u00ed kabina, venkovn\u00ed v\u00ed\u0159ivka) Voln\u00fd vstup do Fitness Laboratory Vysokorychlostn\u00ed internet po cel\u00e9m+ Read More\" \/>\n<meta property=\"og:url\" content=\"https:\/\/cnrs.cz\/sympozium\/ubytovani\/\" \/>\n<meta property=\"og:site_name\" content=\"NEUROREHA 2024\" \/>\n<meta property=\"article:modified_time\" content=\"2025-02-13T09:34:20+00:00\" \/>\n<meta property=\"og:image\" content=\"https:\/\/cnrs.cz\/sympozium\/wp-content\/uploads\/2025\/01\/dvojluzko1850.png\" \/>\n\t<meta property=\"og:image:width\" content=\"480\" \/>\n\t<meta property=\"og:image:height\" content=\"492\" \/>\n\t<meta property=\"og:image:type\" content=\"image\/png\" \/>\n<meta name=\"twitter:card\" content=\"summary_large_image\" \/>\n<meta name=\"twitter:label1\" content=\"Odhadovan\u00e1 doba \u010dten\u00ed\" \/>\n\t<meta name=\"twitter:data1\" content=\"3 minuty\" \/>\n<script type=\"application\/ld+json\" class=\"yoast-schema-graph\">{\"@context\":\"https:\\\/\\\/schema.org\",\"@graph\":[{\"@type\":\"WebPage\",\"@id\":\"https:\\\/\\\/cnrs.cz\\\/sympozium\\\/ubytovani\\\/\",\"url\":\"https:\\\/\\\/cnrs.cz\\\/sympozium\\\/ubytovani\\\/\",\"name\":\"Ubytov\u00e1n\u00ed - NEUROREHA 2024\",\"isPartOf\":{\"@id\":\"https:\\\/\\\/cnrs.cz\\\/sympozium\\\/#website\"},\"primaryImageOfPage\":{\"@id\":\"https:\\\/\\\/cnrs.cz\\\/sympozium\\\/ubytovani\\\/#primaryimage\"},\"image\":{\"@id\":\"https:\\\/\\\/cnrs.cz\\\/sympozium\\\/ubytovani\\\/#primaryimage\"},\"thumbnailUrl\":\"https:\\\/\\\/cnrs.cz\\\/sympozium\\\/wp-content\\\/uploads\\\/2025\\\/01\\\/dvojluzko1850.png\",\"datePublished\":\"2023-04-03T22:24:36+00:00\",\"dateModified\":\"2025-02-13T09:34:20+00:00\",\"breadcrumb\":{\"@id\":\"https:\\\/\\\/cnrs.cz\\\/sympozium\\\/ubytovani\\\/#breadcrumb\"},\"inLanguage\":\"cs\",\"potentialAction\":[{\"@type\":\"ReadAction\",\"target\":[\"https:\\\/\\\/cnrs.cz\\\/sympozium\\\/ubytovani\\\/\"]}]},{\"@type\":\"ImageObject\",\"inLanguage\":\"cs\",\"@id\":\"https:\\\/\\\/cnrs.cz\\\/sympozium\\\/ubytovani\\\/#primaryimage\",\"url\":\"https:\\\/\\\/cnrs.cz\\\/sympozium\\\/wp-content\\\/uploads\\\/2025\\\/01\\\/dvojluzko1850.png\",\"contentUrl\":\"https:\\\/\\\/cnrs.cz\\\/sympozium\\\/wp-content\\\/uploads\\\/2025\\\/01\\\/dvojluzko1850.png\",\"width\":480,\"height\":492},{\"@type\":\"BreadcrumbList\",\"@id\":\"https:\\\/\\\/cnrs.cz\\\/sympozium\\\/ubytovani\\\/#breadcrumb\",\"itemListElement\":[{\"@type\":\"ListItem\",\"position\":1,\"name\":\"Dom\u016f\",\"item\":\"https:\\\/\\\/cnrs.cz\\\/sympozium\\\/\"},{\"@type\":\"ListItem\",\"position\":2,\"name\":\"Ubytov\u00e1n\u00ed\"}]},{\"@type\":\"WebSite\",\"@id\":\"https:\\\/\\\/cnrs.cz\\\/sympozium\\\/#website\",\"url\":\"https:\\\/\\\/cnrs.cz\\\/sympozium\\\/\",\"name\":\"NEUROREHA 2024\",\"description\":\"IX. RO\u010cN\u00cdK NEUROREHABILITA\u010cN\u00cdHO  INTERDISCIPLIN\u00c1RN\u00cdHO SYMPOZIA  S MEZIN\u00c1RODN\u00cd \u00da\u010cAST\u00cd\",\"publisher\":{\"@id\":\"https:\\\/\\\/cnrs.cz\\\/sympozium\\\/#organization\"},\"potentialAction\":[{\"@type\":\"SearchAction\",\"target\":{\"@type\":\"EntryPoint\",\"urlTemplate\":\"https:\\\/\\\/cnrs.cz\\\/sympozium\\\/?s={search_term_string}\"},\"query-input\":{\"@type\":\"PropertyValueSpecification\",\"valueRequired\":true,\"valueName\":\"search_term_string\"}}],\"inLanguage\":\"cs\"},{\"@type\":\"Organization\",\"@id\":\"https:\\\/\\\/cnrs.cz\\\/sympozium\\\/#organization\",\"name\":\"NEUROREHA 2024\",\"url\":\"https:\\\/\\\/cnrs.cz\\\/sympozium\\\/\",\"logo\":{\"@type\":\"ImageObject\",\"inLanguage\":\"cs\",\"@id\":\"https:\\\/\\\/cnrs.cz\\\/sympozium\\\/#\\\/schema\\\/logo\\\/image\\\/\",\"url\":\"https:\\\/\\\/cnrs.cz\\\/sympozium\\\/wp-content\\\/uploads\\\/2023\\\/03\\\/Neuroreha2023-FavIcon.png\",\"contentUrl\":\"https:\\\/\\\/cnrs.cz\\\/sympozium\\\/wp-content\\\/uploads\\\/2023\\\/03\\\/Neuroreha2023-FavIcon.png\",\"width\":512,\"height\":512,\"caption\":\"NEUROREHA 2024\"},\"image\":{\"@id\":\"https:\\\/\\\/cnrs.cz\\\/sympozium\\\/#\\\/schema\\\/logo\\\/image\\\/\"}}]}<\/script>\n<!-- \/ Yoast SEO plugin. -->","yoast_head_json":{"title":"Ubytov\u00e1n\u00ed - NEUROREHA 2024","robots":{"index":"index","follow":"follow","max-snippet":"max-snippet:-1","max-image-preview":"max-image-preview:large","max-video-preview":"max-video-preview:-1"},"canonical":"https:\/\/cnrs.cz\/sympozium\/ubytovani\/","og_locale":"cs_CZ","og_type":"article","og_title":"Ubytov\u00e1n\u00ed - NEUROREHA 2024","og_description":"Zv\u00fdhodn\u011bn\u00e1 cena ubytov\u00e1n\u00ed pro \u00fa\u010dastn\u00edky sympozia NEUROREHA 2025 B\u011bhem Sympozia se lze ubytovat ve Spa Resortu Tree of Life za zv\u00fdhodn\u011bnou cenu. V cen\u011b ubytov\u00e1n\u00ed zahrnuto: Voln\u00fd vstup do hotelov\u00e9ho baz\u00e9nu Voln\u00fd vstup do Organic &amp; Garden Spa (sauna, san\u00e1rium, Kneipp\u016fv chodn\u00edk, parn\u00ed kabina, venkovn\u00ed v\u00ed\u0159ivka) Voln\u00fd vstup do Fitness Laboratory Vysokorychlostn\u00ed internet po cel\u00e9m+ Read More","og_url":"https:\/\/cnrs.cz\/sympozium\/ubytovani\/","og_site_name":"NEUROREHA 2024","article_modified_time":"2025-02-13T09:34:20+00:00","og_image":[{"width":480,"height":492,"url":"https:\/\/cnrs.cz\/sympozium\/wp-content\/uploads\/2025\/01\/dvojluzko1850.png","type":"image\/png"}],"twitter_card":"summary_large_image","twitter_misc":{"Odhadovan\u00e1 doba \u010dten\u00ed":"3 minuty"},"schema":{"@context":"https:\/\/schema.org","@graph":[{"@type":"WebPage","@id":"https:\/\/cnrs.cz\/sympozium\/ubytovani\/","url":"https:\/\/cnrs.cz\/sympozium\/ubytovani\/","name":"Ubytov\u00e1n\u00ed - NEUROREHA 2024","isPartOf":{"@id":"https:\/\/cnrs.cz\/sympozium\/#website"},"primaryImageOfPage":{"@id":"https:\/\/cnrs.cz\/sympozium\/ubytovani\/#primaryimage"},"image":{"@id":"https:\/\/cnrs.cz\/sympozium\/ubytovani\/#primaryimage"},"thumbnailUrl":"https:\/\/cnrs.cz\/sympozium\/wp-content\/uploads\/2025\/01\/dvojluzko1850.png","datePublished":"2023-04-03T22:24:36+00:00","dateModified":"2025-02-13T09:34:20+00:00","breadcrumb":{"@id":"https:\/\/cnrs.cz\/sympozium\/ubytovani\/#breadcrumb"},"inLanguage":"cs","potentialAction":[{"@type":"ReadAction","target":["https:\/\/cnrs.cz\/sympozium\/ubytovani\/"]}]},{"@type":"ImageObject","inLanguage":"cs","@id":"https:\/\/cnrs.cz\/sympozium\/ubytovani\/#primaryimage","url":"https:\/\/cnrs.cz\/sympozium\/wp-content\/uploads\/2025\/01\/dvojluzko1850.png","contentUrl":"https:\/\/cnrs.cz\/sympozium\/wp-content\/uploads\/2025\/01\/dvojluzko1850.png","width":480,"height":492},{"@type":"BreadcrumbList","@id":"https:\/\/cnrs.cz\/sympozium\/ubytovani\/#breadcrumb","itemListElement":[{"@type":"ListItem","position":1,"name":"Dom\u016f","item":"https:\/\/cnrs.cz\/sympozium\/"},{"@type":"ListItem","position":2,"name":"Ubytov\u00e1n\u00ed"}]},{"@type":"WebSite","@id":"https:\/\/cnrs.cz\/sympozium\/#website","url":"https:\/\/cnrs.cz\/sympozium\/","name":"NEUROREHA 2024","description":"IX. RO\u010cN\u00cdK NEUROREHABILITA\u010cN\u00cdHO  INTERDISCIPLIN\u00c1RN\u00cdHO SYMPOZIA  S MEZIN\u00c1RODN\u00cd \u00da\u010cAST\u00cd","publisher":{"@id":"https:\/\/cnrs.cz\/sympozium\/#organization"},"potentialAction":[{"@type":"SearchAction","target":{"@type":"EntryPoint","urlTemplate":"https:\/\/cnrs.cz\/sympozium\/?s={search_term_string}"},"query-input":{"@type":"PropertyValueSpecification","valueRequired":true,"valueName":"search_term_string"}}],"inLanguage":"cs"},{"@type":"Organization","@id":"https:\/\/cnrs.cz\/sympozium\/#organization","name":"NEUROREHA 2024","url":"https:\/\/cnrs.cz\/sympozium\/","logo":{"@type":"ImageObject","inLanguage":"cs","@id":"https:\/\/cnrs.cz\/sympozium\/#\/schema\/logo\/image\/","url":"https:\/\/cnrs.cz\/sympozium\/wp-content\/uploads\/2023\/03\/Neuroreha2023-FavIcon.png","contentUrl":"https:\/\/cnrs.cz\/sympozium\/wp-content\/uploads\/2023\/03\/Neuroreha2023-FavIcon.png","width":512,"height":512,"caption":"NEUROREHA 2024"},"image":{"@id":"https:\/\/cnrs.cz\/sympozium\/#\/schema\/logo\/image\/"}}]}},"featured_image_src":false,"featured_image_src_square":false,"rbea_author_info":{"display_name":"marekmotor","author_link":"https:\/\/cnrs.cz\/sympozium\/author\/marekmotor\/"},"rbea_excerpt_info":"Zv\u00fdhodn\u011bn\u00e1 cena ubytov\u00e1n\u00ed pro \u00fa\u010dastn\u00edky sympozia NEUROREHA 2025 B\u011bhem Sympozia se lze ubytovat ve Spa Resortu Tree of Life za zv\u00fdhodn\u011bnou cenu. V cen\u011b ubytov\u00e1n\u00ed zahrnuto: Voln\u00fd vstup do hotelov\u00e9ho baz\u00e9nu Voln\u00fd vstup do Organic &amp; Garden Spa (sauna, san\u00e1rium, Kneipp\u016fv chodn\u00edk, parn\u00ed kabina, venkovn\u00ed v\u00ed\u0159ivka) Voln\u00fd vstup do Fitness Laboratory Vysokorychlostn\u00ed internet po cel\u00e9m<br><a class=\"moretag\" href=\"https:\/\/cnrs.cz\/sympozium\/ubytovani\/\">+ Read More<\/a>","uagb_featured_image_src":{"full":false,"thumbnail":false,"medium":false,"medium_large":false,"large":false,"1536x1536":false,"2048x2048":false,"complete_thumb":false,"footerthumb":false},"uagb_author_info":{"display_name":"marekmotor","author_link":"https:\/\/cnrs.cz\/sympozium\/author\/marekmotor\/"},"uagb_comment_info":0,"uagb_excerpt":"Zv\u00fdhodn\u011bn\u00e1 cena ubytov\u00e1n\u00ed pro \u00fa\u010dastn\u00edky sympozia NEUROREHA 2025 B\u011bhem Sympozia se lze ubytovat ve Spa Resortu Tree of Life za zv\u00fdhodn\u011bnou cenu. V cen\u011b ubytov\u00e1n\u00ed zahrnuto: Voln\u00fd vstup do hotelov\u00e9ho baz\u00e9nu Voln\u00fd vstup do Organic &amp; Garden Spa (sauna, san\u00e1rium, Kneipp\u016fv chodn\u00edk, parn\u00ed kabina, venkovn\u00ed v\u00ed\u0159ivka) Voln\u00fd vstup do Fitness Laboratory Vysokorychlostn\u00ed internet po cel\u00e9m+&hellip;","_links":{"self":[{"href":"https:\/\/cnrs.cz\/sympozium\/wp-json\/wp\/v2\/pages\/385","targetHints":{"allow":["GET"]}}],"collection":[{"href":"https:\/\/cnrs.cz\/sympozium\/wp-json\/wp\/v2\/pages"}],"about":[{"href":"https:\/\/cnrs.cz\/sympozium\/wp-json\/wp\/v2\/types\/page"}],"author":[{"embeddable":true,"href":"https:\/\/cnrs.cz\/sympozium\/wp-json\/wp\/v2\/users\/1"}],"replies":[{"embeddable":true,"href":"https:\/\/cnrs.cz\/sympozium\/wp-json\/wp\/v2\/comments?post=385"}],"version-history":[{"count":26,"href":"https:\/\/cnrs.cz\/sympozium\/wp-json\/wp\/v2\/pages\/385\/revisions"}],"predecessor-version":[{"id":1264,"href":"https:\/\/cnrs.cz\/sympozium\/wp-json\/wp\/v2\/pages\/385\/revisions\/1264"}],"wp:attachment":[{"href":"https:\/\/cnrs.cz\/sympozium\/wp-json\/wp\/v2\/media?parent=385"}],"curies":[{"name":"wp","href":"https:\/\/api.w.org\/{rel}","templated":true}]}}