{"id":479,"date":"2023-04-18T21:23:56","date_gmt":"2023-04-18T19:23:56","guid":{"rendered":"https:\/\/cnrs.cz\/sympozium\/?page_id=479"},"modified":"2023-04-18T22:49:30","modified_gmt":"2023-04-18T20:49:30","slug":"archiv","status":"publish","type":"page","link":"https:\/\/cnrs.cz\/sympozium\/archiv\/","title":{"rendered":"Archiv"},"content":{"rendered":"\n<h1 class=\"wp-block-heading has-text-align-center has-x-large-font-size\">Minul\u00e9 ro\u010dn\u00edky sympozia Neuroreha<\/h1>\n\n\n\n<div style=\"height:28px\" aria-hidden=\"true\" class=\"wp-block-spacer\"><\/div>\n\n\n\n<h1 class=\"wp-block-heading has-text-align-center has-x-large-font-size\" style=\"font-style:normal;font-weight:800\">2022<\/h1>\n\n\n\n<div style=\"height:50px\" aria-hidden=\"true\" class=\"wp-block-spacer\"><\/div>\n\n\n\n<p class=\"has-text-align-center\">Minul\u00fd ro\u010dn\u00edk po\u0159\u00e1dal Rehabilita\u010dn\u00ed \u00fastav Hrabyn\u011b pod na\u0161\u00ed odbornou z\u00e1\u0161titou.<\/p>\n\n\n\n<p class=\"has-text-align-center\"><a href=\"https:\/\/www.konferenceneuroreha.cz\/\" target=\"_blank\" rel=\"noreferrer noopener\">Zde naleznete speci\u00e1ln\u00ed str\u00e1nky o t\u00e9to konferenci.<\/a><\/p>\n\n\n\n<p class=\"has-text-align-center\">Sborn\u00edk abstrakt konference Neuroreha 2022 si m\u016f\u017eete zdarma st\u00e1hnout zde:<\/p>\n\n\n\n<div class=\"wp-block-columns is-layout-flex wp-container-core-columns-is-layout-9d6595d7 wp-block-columns-is-layout-flex\">\n<div class=\"wp-block-column is-layout-flow wp-block-column-is-layout-flow\" style=\"flex-basis:20%\"><\/div>\n\n\n\n<div class=\"wp-block-column is-layout-flow wp-block-column-is-layout-flow\" style=\"flex-basis:60%\">\n<figure class=\"wp-block-image size-full hvr-grow\"><a href=\"https:\/\/www.cnrs.cz\/wp-content\/uploads\/2023\/02\/neuroreha2022sbornikabstrakt.pdf\" target=\"_blank\" rel=\"noreferrer noopener\"><img loading=\"lazy\" decoding=\"async\" width=\"1000\" height=\"800\" src=\"https:\/\/cnrs.cz\/sympozium\/wp-content\/uploads\/2023\/04\/Neuroreha2023-WebGrafika.png\" alt=\"\" class=\"wp-image-485\" srcset=\"https:\/\/cnrs.cz\/sympozium\/wp-content\/uploads\/2023\/04\/Neuroreha2023-WebGrafika.png 1000w, https:\/\/cnrs.cz\/sympozium\/wp-content\/uploads\/2023\/04\/Neuroreha2023-WebGrafika-300x240.png 300w, https:\/\/cnrs.cz\/sympozium\/wp-content\/uploads\/2023\/04\/Neuroreha2023-WebGrafika-768x614.png 768w\" sizes=\"auto, (max-width: 1000px) 100vw, 1000px\" \/><\/a><\/figure>\n<\/div>\n\n\n\n<div class=\"wp-block-column is-layout-flow wp-block-column-is-layout-flow\" style=\"flex-basis:20%\"><\/div>\n<\/div>\n\n\n\n<div style=\"height:72px\" aria-hidden=\"true\" class=\"wp-block-spacer\"><\/div>\n\n\n\n<h1 class=\"wp-block-heading has-text-align-center has-x-large-font-size\" style=\"font-style:normal;font-weight:800\">2014 \u2013 2019<\/h1>\n\n\n\n<p class=\"has-text-align-center\">V letech 2014 \u2013 2019 po\u0159\u00e1dal neurorehabilita\u010dn\u00ed interdisciplin\u00e1rn\u00ed sympozia s mezin\u00e1rodn\u00ed \u00fa\u010dast\u00ed celkem \u0161estkr\u00e1t Rehabilita\u010dn\u00ed \u00fastav v Kladrubech.<\/p>\n\n\n\n<p class=\"has-text-align-center\"><a href=\"https:\/\/www.konferenceneuroreha.cz\/\" target=\"_blank\" rel=\"noreferrer noopener\">Zde naleznete speci\u00e1ln\u00ed str\u00e1nku o t\u011bchto konferenc\u00edch.<\/a> V sekci ARCHIV na t\u00e9to str\u00e1nce pak naleznete i v\u0161echny Sborn\u00edky abstrakt, kter\u00e9 byly vyd\u00e1v\u00e1ny od t\u0159et\u00edho ro\u010dn\u00edku.<\/p>\n\n\n\n<p><\/p>\n","protected":false},"excerpt":{"rendered":"<p>Minul\u00e9 ro\u010dn\u00edky sympozia Neuroreha 2022 Minul\u00fd ro\u010dn\u00edk po\u0159\u00e1dal Rehabilita\u010dn\u00ed \u00fastav Hrabyn\u011b pod na\u0161\u00ed odbornou z\u00e1\u0161titou. Zde naleznete speci\u00e1ln\u00ed str\u00e1nky o t\u00e9to konferenci. Sborn\u00edk abstrakt konference Neuroreha 2022 si m\u016f\u017eete zdarma st\u00e1hnout zde: 2014 \u2013 2019 V letech 2014 \u2013 2019 po\u0159\u00e1dal neurorehabilita\u010dn\u00ed interdisciplin\u00e1rn\u00ed sympozia s mezin\u00e1rodn\u00ed \u00fa\u010dast\u00ed celkem \u0161estkr\u00e1t Rehabilita\u010dn\u00ed \u00fastav v Kladrubech. Zde naleznete<br \/><a class=\"moretag\" href=\"https:\/\/cnrs.cz\/sympozium\/archiv\/\">+ Read More<\/a><\/p>\n","protected":false},"author":1,"featured_media":0,"parent":0,"menu_order":0,"comment_status":"closed","ping_status":"closed","template":"templates\/page-fullwidth_template.php","meta":{"_uag_custom_page_level_css":"","footnotes":""},"class_list":["post-479","page","type-page","status-publish","hentry"],"yoast_head":"<!-- This site is optimized with the Yoast SEO plugin v27.4 - https:\/\/yoast.com\/product\/yoast-seo-wordpress\/ -->\n<title>Archiv - NEUROREHA 2024<\/title>\n<meta name=\"description\" content=\"NEUROREHA 2024 Minul\u00e9 ro\u010dn\u00edky sympozia Neuroreha. Neurorehabilita\u010dn\u00ed interdisciplin\u00e1rn\u00ed sympozium s mezin\u00e1rodn\u00ed \u00fa\u010dast\u00ed\" \/>\n<meta name=\"robots\" content=\"index, follow, max-snippet:-1, max-image-preview:large, max-video-preview:-1\" \/>\n<link rel=\"canonical\" href=\"https:\/\/cnrs.cz\/sympozium\/archiv\/\" \/>\n<meta property=\"og:locale\" content=\"cs_CZ\" \/>\n<meta property=\"og:type\" content=\"article\" \/>\n<meta property=\"og:title\" content=\"Archiv - NEUROREHA 2024\" \/>\n<meta property=\"og:description\" content=\"NEUROREHA 2024 Minul\u00e9 ro\u010dn\u00edky sympozia Neuroreha. Neurorehabilita\u010dn\u00ed interdisciplin\u00e1rn\u00ed sympozium s mezin\u00e1rodn\u00ed \u00fa\u010dast\u00ed\" \/>\n<meta property=\"og:url\" content=\"https:\/\/cnrs.cz\/sympozium\/archiv\/\" \/>\n<meta property=\"og:site_name\" content=\"NEUROREHA 2024\" \/>\n<meta property=\"article:modified_time\" content=\"2023-04-18T20:49:30+00:00\" \/>\n<meta property=\"og:image\" content=\"https:\/\/cnrs.cz\/sympozium\/wp-content\/uploads\/2023\/04\/Neuroreha2023-WebGrafika.png\" \/>\n<meta name=\"twitter:card\" content=\"summary_large_image\" \/>\n<meta name=\"twitter:label1\" content=\"Odhadovan\u00e1 doba \u010dten\u00ed\" \/>\n\t<meta name=\"twitter:data1\" content=\"1 minuta\" \/>\n<script type=\"application\/ld+json\" class=\"yoast-schema-graph\">{\"@context\":\"https:\\\/\\\/schema.org\",\"@graph\":[{\"@type\":\"WebPage\",\"@id\":\"https:\\\/\\\/cnrs.cz\\\/sympozium\\\/archiv\\\/\",\"url\":\"https:\\\/\\\/cnrs.cz\\\/sympozium\\\/archiv\\\/\",\"name\":\"Archiv - NEUROREHA 2024\",\"isPartOf\":{\"@id\":\"https:\\\/\\\/cnrs.cz\\\/sympozium\\\/#website\"},\"primaryImageOfPage\":{\"@id\":\"https:\\\/\\\/cnrs.cz\\\/sympozium\\\/archiv\\\/#primaryimage\"},\"image\":{\"@id\":\"https:\\\/\\\/cnrs.cz\\\/sympozium\\\/archiv\\\/#primaryimage\"},\"thumbnailUrl\":\"https:\\\/\\\/cnrs.cz\\\/sympozium\\\/wp-content\\\/uploads\\\/2023\\\/04\\\/Neuroreha2023-WebGrafika.png\",\"datePublished\":\"2023-04-18T19:23:56+00:00\",\"dateModified\":\"2023-04-18T20:49:30+00:00\",\"description\":\"NEUROREHA 2024 Minul\u00e9 ro\u010dn\u00edky sympozia Neuroreha. Neurorehabilita\u010dn\u00ed interdisciplin\u00e1rn\u00ed sympozium s mezin\u00e1rodn\u00ed \u00fa\u010dast\u00ed\",\"breadcrumb\":{\"@id\":\"https:\\\/\\\/cnrs.cz\\\/sympozium\\\/archiv\\\/#breadcrumb\"},\"inLanguage\":\"cs\",\"potentialAction\":[{\"@type\":\"ReadAction\",\"target\":[\"https:\\\/\\\/cnrs.cz\\\/sympozium\\\/archiv\\\/\"]}]},{\"@type\":\"ImageObject\",\"inLanguage\":\"cs\",\"@id\":\"https:\\\/\\\/cnrs.cz\\\/sympozium\\\/archiv\\\/#primaryimage\",\"url\":\"https:\\\/\\\/cnrs.cz\\\/sympozium\\\/wp-content\\\/uploads\\\/2023\\\/04\\\/Neuroreha2023-WebGrafika.png\",\"contentUrl\":\"https:\\\/\\\/cnrs.cz\\\/sympozium\\\/wp-content\\\/uploads\\\/2023\\\/04\\\/Neuroreha2023-WebGrafika.png\",\"width\":1000,\"height\":800},{\"@type\":\"BreadcrumbList\",\"@id\":\"https:\\\/\\\/cnrs.cz\\\/sympozium\\\/archiv\\\/#breadcrumb\",\"itemListElement\":[{\"@type\":\"ListItem\",\"position\":1,\"name\":\"Dom\u016f\",\"item\":\"https:\\\/\\\/cnrs.cz\\\/sympozium\\\/\"},{\"@type\":\"ListItem\",\"position\":2,\"name\":\"Archiv\"}]},{\"@type\":\"WebSite\",\"@id\":\"https:\\\/\\\/cnrs.cz\\\/sympozium\\\/#website\",\"url\":\"https:\\\/\\\/cnrs.cz\\\/sympozium\\\/\",\"name\":\"NEUROREHA 2024\",\"description\":\"IX. RO\u010cN\u00cdK NEUROREHABILITA\u010cN\u00cdHO  INTERDISCIPLIN\u00c1RN\u00cdHO SYMPOZIA  S MEZIN\u00c1RODN\u00cd \u00da\u010cAST\u00cd\",\"publisher\":{\"@id\":\"https:\\\/\\\/cnrs.cz\\\/sympozium\\\/#organization\"},\"potentialAction\":[{\"@type\":\"SearchAction\",\"target\":{\"@type\":\"EntryPoint\",\"urlTemplate\":\"https:\\\/\\\/cnrs.cz\\\/sympozium\\\/?s={search_term_string}\"},\"query-input\":{\"@type\":\"PropertyValueSpecification\",\"valueRequired\":true,\"valueName\":\"search_term_string\"}}],\"inLanguage\":\"cs\"},{\"@type\":\"Organization\",\"@id\":\"https:\\\/\\\/cnrs.cz\\\/sympozium\\\/#organization\",\"name\":\"NEUROREHA 2024\",\"url\":\"https:\\\/\\\/cnrs.cz\\\/sympozium\\\/\",\"logo\":{\"@type\":\"ImageObject\",\"inLanguage\":\"cs\",\"@id\":\"https:\\\/\\\/cnrs.cz\\\/sympozium\\\/#\\\/schema\\\/logo\\\/image\\\/\",\"url\":\"https:\\\/\\\/cnrs.cz\\\/sympozium\\\/wp-content\\\/uploads\\\/2023\\\/03\\\/Neuroreha2023-FavIcon.png\",\"contentUrl\":\"https:\\\/\\\/cnrs.cz\\\/sympozium\\\/wp-content\\\/uploads\\\/2023\\\/03\\\/Neuroreha2023-FavIcon.png\",\"width\":512,\"height\":512,\"caption\":\"NEUROREHA 2024\"},\"image\":{\"@id\":\"https:\\\/\\\/cnrs.cz\\\/sympozium\\\/#\\\/schema\\\/logo\\\/image\\\/\"}}]}<\/script>\n<!-- \/ Yoast SEO plugin. -->","yoast_head_json":{"title":"Archiv - NEUROREHA 2024","description":"NEUROREHA 2024 Minul\u00e9 ro\u010dn\u00edky sympozia Neuroreha. Neurorehabilita\u010dn\u00ed interdisciplin\u00e1rn\u00ed sympozium s mezin\u00e1rodn\u00ed \u00fa\u010dast\u00ed","robots":{"index":"index","follow":"follow","max-snippet":"max-snippet:-1","max-image-preview":"max-image-preview:large","max-video-preview":"max-video-preview:-1"},"canonical":"https:\/\/cnrs.cz\/sympozium\/archiv\/","og_locale":"cs_CZ","og_type":"article","og_title":"Archiv - NEUROREHA 2024","og_description":"NEUROREHA 2024 Minul\u00e9 ro\u010dn\u00edky sympozia Neuroreha. Neurorehabilita\u010dn\u00ed interdisciplin\u00e1rn\u00ed sympozium s mezin\u00e1rodn\u00ed \u00fa\u010dast\u00ed","og_url":"https:\/\/cnrs.cz\/sympozium\/archiv\/","og_site_name":"NEUROREHA 2024","article_modified_time":"2023-04-18T20:49:30+00:00","og_image":[{"url":"https:\/\/cnrs.cz\/sympozium\/wp-content\/uploads\/2023\/04\/Neuroreha2023-WebGrafika.png","type":"","width":"","height":""}],"twitter_card":"summary_large_image","twitter_misc":{"Odhadovan\u00e1 doba \u010dten\u00ed":"1 minuta"},"schema":{"@context":"https:\/\/schema.org","@graph":[{"@type":"WebPage","@id":"https:\/\/cnrs.cz\/sympozium\/archiv\/","url":"https:\/\/cnrs.cz\/sympozium\/archiv\/","name":"Archiv - NEUROREHA 2024","isPartOf":{"@id":"https:\/\/cnrs.cz\/sympozium\/#website"},"primaryImageOfPage":{"@id":"https:\/\/cnrs.cz\/sympozium\/archiv\/#primaryimage"},"image":{"@id":"https:\/\/cnrs.cz\/sympozium\/archiv\/#primaryimage"},"thumbnailUrl":"https:\/\/cnrs.cz\/sympozium\/wp-content\/uploads\/2023\/04\/Neuroreha2023-WebGrafika.png","datePublished":"2023-04-18T19:23:56+00:00","dateModified":"2023-04-18T20:49:30+00:00","description":"NEUROREHA 2024 Minul\u00e9 ro\u010dn\u00edky sympozia Neuroreha. Neurorehabilita\u010dn\u00ed interdisciplin\u00e1rn\u00ed sympozium s mezin\u00e1rodn\u00ed \u00fa\u010dast\u00ed","breadcrumb":{"@id":"https:\/\/cnrs.cz\/sympozium\/archiv\/#breadcrumb"},"inLanguage":"cs","potentialAction":[{"@type":"ReadAction","target":["https:\/\/cnrs.cz\/sympozium\/archiv\/"]}]},{"@type":"ImageObject","inLanguage":"cs","@id":"https:\/\/cnrs.cz\/sympozium\/archiv\/#primaryimage","url":"https:\/\/cnrs.cz\/sympozium\/wp-content\/uploads\/2023\/04\/Neuroreha2023-WebGrafika.png","contentUrl":"https:\/\/cnrs.cz\/sympozium\/wp-content\/uploads\/2023\/04\/Neuroreha2023-WebGrafika.png","width":1000,"height":800},{"@type":"BreadcrumbList","@id":"https:\/\/cnrs.cz\/sympozium\/archiv\/#breadcrumb","itemListElement":[{"@type":"ListItem","position":1,"name":"Dom\u016f","item":"https:\/\/cnrs.cz\/sympozium\/"},{"@type":"ListItem","position":2,"name":"Archiv"}]},{"@type":"WebSite","@id":"https:\/\/cnrs.cz\/sympozium\/#website","url":"https:\/\/cnrs.cz\/sympozium\/","name":"NEUROREHA 2024","description":"IX. RO\u010cN\u00cdK NEUROREHABILITA\u010cN\u00cdHO  INTERDISCIPLIN\u00c1RN\u00cdHO SYMPOZIA  S MEZIN\u00c1RODN\u00cd \u00da\u010cAST\u00cd","publisher":{"@id":"https:\/\/cnrs.cz\/sympozium\/#organization"},"potentialAction":[{"@type":"SearchAction","target":{"@type":"EntryPoint","urlTemplate":"https:\/\/cnrs.cz\/sympozium\/?s={search_term_string}"},"query-input":{"@type":"PropertyValueSpecification","valueRequired":true,"valueName":"search_term_string"}}],"inLanguage":"cs"},{"@type":"Organization","@id":"https:\/\/cnrs.cz\/sympozium\/#organization","name":"NEUROREHA 2024","url":"https:\/\/cnrs.cz\/sympozium\/","logo":{"@type":"ImageObject","inLanguage":"cs","@id":"https:\/\/cnrs.cz\/sympozium\/#\/schema\/logo\/image\/","url":"https:\/\/cnrs.cz\/sympozium\/wp-content\/uploads\/2023\/03\/Neuroreha2023-FavIcon.png","contentUrl":"https:\/\/cnrs.cz\/sympozium\/wp-content\/uploads\/2023\/03\/Neuroreha2023-FavIcon.png","width":512,"height":512,"caption":"NEUROREHA 2024"},"image":{"@id":"https:\/\/cnrs.cz\/sympozium\/#\/schema\/logo\/image\/"}}]}},"featured_image_src":false,"featured_image_src_square":false,"rbea_author_info":{"display_name":"marekmotor","author_link":"https:\/\/cnrs.cz\/sympozium\/author\/marekmotor\/"},"rbea_excerpt_info":"Minul\u00e9 ro\u010dn\u00edky sympozia Neuroreha 2022 Minul\u00fd ro\u010dn\u00edk po\u0159\u00e1dal Rehabilita\u010dn\u00ed \u00fastav Hrabyn\u011b pod na\u0161\u00ed odbornou z\u00e1\u0161titou. Zde naleznete speci\u00e1ln\u00ed str\u00e1nky o t\u00e9to konferenci. Sborn\u00edk abstrakt konference Neuroreha 2022 si m\u016f\u017eete zdarma st\u00e1hnout zde: 2014 \u2013 2019 V letech 2014 \u2013 2019 po\u0159\u00e1dal neurorehabilita\u010dn\u00ed interdisciplin\u00e1rn\u00ed sympozia s mezin\u00e1rodn\u00ed \u00fa\u010dast\u00ed celkem \u0161estkr\u00e1t Rehabilita\u010dn\u00ed \u00fastav v Kladrubech. Zde naleznete<br><a class=\"moretag\" href=\"https:\/\/cnrs.cz\/sympozium\/archiv\/\">+ Read More<\/a>","uagb_featured_image_src":{"full":false,"thumbnail":false,"medium":false,"medium_large":false,"large":false,"1536x1536":false,"2048x2048":false,"complete_thumb":false,"footerthumb":false},"uagb_author_info":{"display_name":"marekmotor","author_link":"https:\/\/cnrs.cz\/sympozium\/author\/marekmotor\/"},"uagb_comment_info":0,"uagb_excerpt":"Minul\u00e9 ro\u010dn\u00edky sympozia Neuroreha 2022 Minul\u00fd ro\u010dn\u00edk po\u0159\u00e1dal Rehabilita\u010dn\u00ed \u00fastav Hrabyn\u011b pod na\u0161\u00ed odbornou z\u00e1\u0161titou. Zde naleznete speci\u00e1ln\u00ed str\u00e1nky o t\u00e9to konferenci. Sborn\u00edk abstrakt konference Neuroreha 2022 si m\u016f\u017eete zdarma st\u00e1hnout zde: 2014 \u2013 2019 V letech 2014 \u2013 2019 po\u0159\u00e1dal neurorehabilita\u010dn\u00ed interdisciplin\u00e1rn\u00ed sympozia s mezin\u00e1rodn\u00ed \u00fa\u010dast\u00ed celkem \u0161estkr\u00e1t Rehabilita\u010dn\u00ed \u00fastav v Kladrubech. Zde naleznete+&hellip;","_links":{"self":[{"href":"https:\/\/cnrs.cz\/sympozium\/wp-json\/wp\/v2\/pages\/479","targetHints":{"allow":["GET"]}}],"collection":[{"href":"https:\/\/cnrs.cz\/sympozium\/wp-json\/wp\/v2\/pages"}],"about":[{"href":"https:\/\/cnrs.cz\/sympozium\/wp-json\/wp\/v2\/types\/page"}],"author":[{"embeddable":true,"href":"https:\/\/cnrs.cz\/sympozium\/wp-json\/wp\/v2\/users\/1"}],"replies":[{"embeddable":true,"href":"https:\/\/cnrs.cz\/sympozium\/wp-json\/wp\/v2\/comments?post=479"}],"version-history":[{"count":8,"href":"https:\/\/cnrs.cz\/sympozium\/wp-json\/wp\/v2\/pages\/479\/revisions"}],"predecessor-version":[{"id":497,"href":"https:\/\/cnrs.cz\/sympozium\/wp-json\/wp\/v2\/pages\/479\/revisions\/497"}],"wp:attachment":[{"href":"https:\/\/cnrs.cz\/sympozium\/wp-json\/wp\/v2\/media?parent=479"}],"curies":[{"name":"wp","href":"https:\/\/api.w.org\/{rel}","templated":true}]}}